{"id":549,"date":"2023-07-17T13:41:34","date_gmt":"2023-07-17T13:41:34","guid":{"rendered":"https:\/\/dummy.xtemos.com\/woodmart2\/games-elementor\/?post_type=product&#038;p=549"},"modified":"2025-01-29T13:33:03","modified_gmt":"2025-01-29T16:33:03","slug":"asterigos-curse-of-the-stars","status":"publish","type":"product","link":"https:\/\/xboxgames.com.br\/loja\/produto\/asterigos-curse-of-the-stars\/","title":{"rendered":"Asterigos: Curse of the Stars"},"content":{"rendered":"<p>Damos-te as boas-vindas a Aphes, uma cidade-estado cheia de magia e maravilhas, inspirada na Roma antiga e nos designs gregos cl\u00e1ssicos. Das ruas com bazares cobertas de nevoeiro at\u00e9 aos esgotos sombrios, ou das florestas enigm\u00e1ticas na periferia da cidade at\u00e9 aos abismos profundos cheios de cristais cintilantes, as paisagens de Aphes est\u00e3o repletas de beleza e perigos. Escolhe entre v\u00e1rias armas de longo e curto alcance e combina-as quando e como quiseres! O sistema de talentos permite-te escolher e expandir o teu estilo de combate, selecionando duas de seis armas completamente diferentes: espada e escudo, espadas duplas, lan\u00e7a, martelo, bast\u00e3o ou at\u00e9 pulseiras m\u00e1gicas. Equipa um bast\u00e3o m\u00e1gico para obliterares os teus inimigos \u00e0 dist\u00e2ncia ou muda para um martelo de batalha gigante para os esmagares de perto. Embora Aphes te possa distrair com as suas paisagens deslumbrantes, esta cidade n\u00e3o \u00e9 para os fracos de cora\u00e7\u00e3o. Derrota 60 monstros diferentes e encontra 22 l\u00edderes \u00fanicos, cada um com as suas pr\u00f3prias mec\u00e2nicas de batalha exclusivas. Todas as escolhas e decis\u00f5es que fizeres importam. A tua aventura em Aphes ir\u00e1 levar-te a desvendar a verdade por detr\u00e1s da maldi\u00e7\u00e3o da cidade e a entender a sua hist\u00f3ria atrav\u00e9s de conversas, documentos descobertos e cenas animadas, bem como o pr\u00f3prio di\u00e1rio da Hilda, que vai sendo atualizado com desenhos e observa\u00e7\u00f5es. O mundo de Asterigos est\u00e1 cheio de segredos e hist\u00f3rias por contar. Completa in\u00fameras miss\u00f5es secund\u00e1rias, encontra colecion\u00e1veis e ganha recompensas das D\u00e1divas do Nexus, testa as tuas habilidades de combate no novo modo de desafio contra l\u00edderes, o Desafio das Estrelas, e constr\u00f3i o teu legado no modo Novo Jogo+!<\/p>\n","protected":false},"excerpt":{"rendered":"<p>Damos-te as boas-vindas a Aphes, uma cidade-estado cheia de magia e maravilhas, inspirada na Roma antiga e nos designs gregos cl\u00e1ssicos. Das ruas com bazares cobertas de nevoeiro at\u00e9 aos esgotos sombrios, ou das florestas enigm\u00e1ticas na periferia da cidade at\u00e9 aos abismos profundos cheios de cristais cintilantes, as paisagens de Aphes est\u00e3o repletas de beleza e perigos.<\/p>\n","protected":false},"featured_media":579,"comment_status":"open","ping_status":"closed","template":"","meta":{"nf_dc_page":""},"product_brand":[],"product_cat":[22],"product_tag":[],"class_list":{"0":"post-549","1":"product","2":"type-product","3":"status-publish","4":"has-post-thumbnail","6":"product_cat-acao-aventura","8":"first","9":"instock","10":"shipping-taxable","11":"purchasable","12":"product-type-variable","13":"has-default-attributes"},"_links":{"self":[{"href":"https:\/\/xboxgames.com.br\/loja\/wp-json\/wp\/v2\/product\/549","targetHints":{"allow":["GET"]}}],"collection":[{"href":"https:\/\/xboxgames.com.br\/loja\/wp-json\/wp\/v2\/product"}],"about":[{"href":"https:\/\/xboxgames.com.br\/loja\/wp-json\/wp\/v2\/types\/product"}],"replies":[{"embeddable":true,"href":"https:\/\/xboxgames.com.br\/loja\/wp-json\/wp\/v2\/comments?post=549"}],"version-history":[{"count":5,"href":"https:\/\/xboxgames.com.br\/loja\/wp-json\/wp\/v2\/product\/549\/revisions"}],"predecessor-version":[{"id":2741,"href":"https:\/\/xboxgames.com.br\/loja\/wp-json\/wp\/v2\/product\/549\/revisions\/2741"}],"wp:featuredmedia":[{"embeddable":true,"href":"https:\/\/xboxgames.com.br\/loja\/wp-json\/wp\/v2\/media\/579"}],"wp:attachment":[{"href":"https:\/\/xboxgames.com.br\/loja\/wp-json\/wp\/v2\/media?parent=549"}],"wp:term":[{"taxonomy":"product_brand","embeddable":true,"href":"https:\/\/xboxgames.com.br\/loja\/wp-json\/wp\/v2\/product_brand?post=549"},{"taxonomy":"product_cat","embeddable":true,"href":"https:\/\/xboxgames.com.br\/loja\/wp-json\/wp\/v2\/product_cat?post=549"},{"taxonomy":"product_tag","embeddable":true,"href":"https:\/\/xboxgames.com.br\/loja\/wp-json\/wp\/v2\/product_tag?post=549"}],"curies":[{"name":"wp","href":"https:\/\/api.w.org\/{rel}","templated":true}]}}