{"id":3199,"date":"2025-02-19T15:52:33","date_gmt":"2025-02-19T18:52:33","guid":{"rendered":"https:\/\/xboxgames.com.br\/loja\/?post_type=product&#038;p=3199"},"modified":"2025-02-19T15:57:38","modified_gmt":"2025-02-19T18:57:38","slug":"call-of-duty-ghosts","status":"publish","type":"product","link":"https:\/\/xboxgames.com.br\/loja\/produto\/call-of-duty-ghosts\/","title":{"rendered":"Call of Duty: Ghosts"},"content":{"rendered":"<p><span style=\"font-size: medium;\">Em desvantagem de efetivo e armamento, mas insuper\u00e1vel. Bem-vindo(a) ao Call of Duty\u00ae: Ghosts, um avan\u00e7o extraordin\u00e1rio de uma das maiores franquias de entretenimento de todos os tempos. O novo cap\u00edtulo da franquia Call of Duty\u00ae traz uma nova din\u00e2mica, em que os jogadores defendem uma na\u00e7\u00e3o debilitada, lutando n\u00e3o por liberdade ou autonomia, mas pela simples sobreviv\u00eancia.<\/span><\/p>\n<p><span style=\"font-size: medium;\">A ambiciosa engine de \u00faltima gera\u00e7\u00e3o da s\u00e9rie alimenta o novo universo de Call of Duty, com n\u00edveis de imers\u00e3o e desempenho incr\u00edveis, e mant\u00e9m a velocidade e a fluidez de 60 quadros por segundo em todas as plataformas.<\/span><\/p>\n<p><span style=\"font-size: medium;\">O Call of Duty\u00ae: Ghosts redefine como o jogador se move pelo mundo. A nova inclina\u00e7\u00e3o contextual permite que voc\u00ea se esgueire por obst\u00e1culos sem adicionar combina\u00e7\u00f5es de bot\u00f5es ou sair completamente da prote\u00e7\u00e3o. O novo sistema de deslocamento sobre obst\u00e1culos permite que voc\u00ea se mova com fluidez sobre objetos, mantendo o momento. O deslizamento permite que voc\u00ea passe de correndo a agachado e de bru\u00e7os naturalmente.<\/span><\/p>\n","protected":false},"excerpt":{"rendered":"<p><span style=\"font-size: medium;\">Em desvantagem de efetivo e armamento, mas insuper\u00e1vel. Bem-vindo(a) ao Call of Duty\u00ae: Ghosts, um avan\u00e7o extraordin\u00e1rio de uma das maiores franquias de entretenimento de todos os tempos. O novo cap\u00edtulo da franquia Call of Duty\u00ae traz uma nova din\u00e2mica, em que os jogadores defendem uma na\u00e7\u00e3o debilitada, lutando n\u00e3o por liberdade ou autonomia, mas pela simples sobreviv\u00eancia.<\/span><\/p>\n","protected":false},"featured_media":3203,"comment_status":"open","ping_status":"closed","template":"","meta":{"nf_dc_page":""},"product_brand":[],"product_cat":[52],"product_tag":[],"class_list":{"0":"post-3199","1":"product","2":"type-product","3":"status-publish","4":"has-post-thumbnail","6":"product_cat-jogos-de-tiros","8":"first","9":"instock","10":"featured","11":"shipping-taxable","12":"purchasable","13":"product-type-variable","14":"has-default-attributes"},"_links":{"self":[{"href":"https:\/\/xboxgames.com.br\/loja\/wp-json\/wp\/v2\/product\/3199","targetHints":{"allow":["GET"]}}],"collection":[{"href":"https:\/\/xboxgames.com.br\/loja\/wp-json\/wp\/v2\/product"}],"about":[{"href":"https:\/\/xboxgames.com.br\/loja\/wp-json\/wp\/v2\/types\/product"}],"replies":[{"embeddable":true,"href":"https:\/\/xboxgames.com.br\/loja\/wp-json\/wp\/v2\/comments?post=3199"}],"version-history":[{"count":1,"href":"https:\/\/xboxgames.com.br\/loja\/wp-json\/wp\/v2\/product\/3199\/revisions"}],"predecessor-version":[{"id":3204,"href":"https:\/\/xboxgames.com.br\/loja\/wp-json\/wp\/v2\/product\/3199\/revisions\/3204"}],"wp:featuredmedia":[{"embeddable":true,"href":"https:\/\/xboxgames.com.br\/loja\/wp-json\/wp\/v2\/media\/3203"}],"wp:attachment":[{"href":"https:\/\/xboxgames.com.br\/loja\/wp-json\/wp\/v2\/media?parent=3199"}],"wp:term":[{"taxonomy":"product_brand","embeddable":true,"href":"https:\/\/xboxgames.com.br\/loja\/wp-json\/wp\/v2\/product_brand?post=3199"},{"taxonomy":"product_cat","embeddable":true,"href":"https:\/\/xboxgames.com.br\/loja\/wp-json\/wp\/v2\/product_cat?post=3199"},{"taxonomy":"product_tag","embeddable":true,"href":"https:\/\/xboxgames.com.br\/loja\/wp-json\/wp\/v2\/product_tag?post=3199"}],"curies":[{"name":"wp","href":"https:\/\/api.w.org\/{rel}","templated":true}]}}