{"id":3187,"date":"2025-02-19T14:53:24","date_gmt":"2025-02-19T17:53:24","guid":{"rendered":"https:\/\/xboxgames.com.br\/loja\/?post_type=product&#038;p=3187"},"modified":"2025-02-19T15:32:28","modified_gmt":"2025-02-19T18:32:28","slug":"resident-evil-revelations","status":"publish","type":"product","link":"https:\/\/xboxgames.com.br\/loja\/produto\/resident-evil-revelations\/","title":{"rendered":"Resident Evil Revelations"},"content":{"rendered":"<p>Vivencie a sensa\u00e7\u00e3o do terror de sobreviv\u00eancia no\u00a0<strong>Xbox One<\/strong>\u00a0em\u00a0<strong>full HD 1080p<\/strong>, com todos os\u00a0<strong>DLCs<\/strong>\u00a0anteriores inclusos e novidades.<\/p>\n<p>A hist\u00f3ria se passa antes dos incidentes bioterroristas de\u00a0<strong>Kijuju<\/strong>\u00a0e\u00a0<strong>Lanshiang<\/strong>, quando a BSAA ainda era uma organiza\u00e7\u00e3o nova. Junte-se a\u00a0<strong>Jill Valentine<\/strong>\u00a0a bordo de um navio fantasma no Mar Mediterr\u00e2neo em busca do seu antigo parceiro,\u00a0<strong>Chris Redfield<\/strong>. Descubra a verdade por tr\u00e1s da destrui\u00e7\u00e3o de uma cidade flutuante. Ou jogue no\u00a0<strong>Raid Mode<\/strong>\u00a0para uma onda de matan\u00e7a cooperativa com amigos pela internet.<\/p>\n","protected":false},"excerpt":{"rendered":"<p>Vivencie a sensa\u00e7\u00e3o do terror de sobreviv\u00eancia no\u00a0<strong>Xbox One<\/strong>\u00a0em\u00a0<strong>full HD 1080p<\/strong>, com todos os\u00a0<strong>DLCs<\/strong>\u00a0anteriores inclusos e novidades.<\/p>\n<p>A hist\u00f3ria se passa antes dos incidentes bioterroristas de\u00a0<strong>Kijuju<\/strong>\u00a0e\u00a0<strong>Lanshiang<\/strong>, quando a BSAA ainda era uma organiza\u00e7\u00e3o nova. Junte-se a\u00a0<strong>Jill Valentine<\/strong>\u00a0a bordo de um navio fantasma no Mar Mediterr\u00e2neo em busca do seu antigo parceiro,\u00a0<strong>Chris Redfield<\/strong>. Descubra a verdade por tr\u00e1s da destrui\u00e7\u00e3o de uma cidade flutuante. Ou jogue no\u00a0<strong>Raid Mode<\/strong>\u00a0para uma onda de matan\u00e7a cooperativa com amigos pela internet.<\/p>\n","protected":false},"featured_media":3191,"comment_status":"open","ping_status":"closed","template":"","meta":{"nf_dc_page":""},"product_brand":[],"product_cat":[22,52],"product_tag":[],"class_list":{"0":"post-3187","1":"product","2":"type-product","3":"status-publish","4":"has-post-thumbnail","6":"product_cat-acao-aventura","7":"product_cat-jogos-de-tiros","9":"first","10":"instock","11":"featured","12":"shipping-taxable","13":"purchasable","14":"product-type-variable","15":"has-default-attributes"},"_links":{"self":[{"href":"https:\/\/xboxgames.com.br\/loja\/wp-json\/wp\/v2\/product\/3187","targetHints":{"allow":["GET"]}}],"collection":[{"href":"https:\/\/xboxgames.com.br\/loja\/wp-json\/wp\/v2\/product"}],"about":[{"href":"https:\/\/xboxgames.com.br\/loja\/wp-json\/wp\/v2\/types\/product"}],"replies":[{"embeddable":true,"href":"https:\/\/xboxgames.com.br\/loja\/wp-json\/wp\/v2\/comments?post=3187"}],"version-history":[{"count":1,"href":"https:\/\/xboxgames.com.br\/loja\/wp-json\/wp\/v2\/product\/3187\/revisions"}],"predecessor-version":[{"id":3192,"href":"https:\/\/xboxgames.com.br\/loja\/wp-json\/wp\/v2\/product\/3187\/revisions\/3192"}],"wp:featuredmedia":[{"embeddable":true,"href":"https:\/\/xboxgames.com.br\/loja\/wp-json\/wp\/v2\/media\/3191"}],"wp:attachment":[{"href":"https:\/\/xboxgames.com.br\/loja\/wp-json\/wp\/v2\/media?parent=3187"}],"wp:term":[{"taxonomy":"product_brand","embeddable":true,"href":"https:\/\/xboxgames.com.br\/loja\/wp-json\/wp\/v2\/product_brand?post=3187"},{"taxonomy":"product_cat","embeddable":true,"href":"https:\/\/xboxgames.com.br\/loja\/wp-json\/wp\/v2\/product_cat?post=3187"},{"taxonomy":"product_tag","embeddable":true,"href":"https:\/\/xboxgames.com.br\/loja\/wp-json\/wp\/v2\/product_tag?post=3187"}],"curies":[{"name":"wp","href":"https:\/\/api.w.org\/{rel}","templated":true}]}}