{"id":3180,"date":"2025-02-03T19:03:12","date_gmt":"2025-02-03T22:03:12","guid":{"rendered":"https:\/\/xboxgames.com.br\/loja\/?post_type=product&#038;p=3180"},"modified":"2025-02-03T19:10:42","modified_gmt":"2025-02-03T22:10:42","slug":"disintegration","status":"publish","type":"product","link":"https:\/\/xboxgames.com.br\/loja\/produto\/disintegration\/","title":{"rendered":"Disintegration"},"content":{"rendered":"<p>Da V1 Interactive \u2014 o novo est\u00fadio de desenvolvimento independente fundado por Marcus Lehto, cocriador de Halo, e sua equipe de trinta profissionais \u2014, chega Disintegration, um jogo de tiro de fic\u00e7\u00e3o cient\u00edfica em primeira pessoa com elementos de estrat\u00e9gia em tempo real. Ambientado no futuro pr\u00f3ximo da Terra, a \u00fanica esperan\u00e7a de sobreviv\u00eancia da humanidade \u00e9 a Integra\u00e7\u00e3o, um processo desenvolvido para preservar c\u00e9rebros humanos em armaduras rob\u00f3ticas. Voc\u00ea joga no papel de Romer Shoal, um ex-piloto de graviciclo no comando de uma pequena resist\u00eancia que ainda se at\u00e9m \u00e0s mem\u00f3rias t\u00eanues de quem eram quando humanos. Com as for\u00e7as opressoras da Rayonne planejando eliminar os \u00faltimos resqu\u00edcios da sociedade humana, cabe a Romer e sua equipe de Proscritos resistir e dar um novo come\u00e7o \u00e0 humanidade. Pilote graviciclos armados e comande soldados em terra usando diversas habilidades exclusivas para vencer a batalha. Destaques: \u2022 Combate de graviciclo t\u00e1tico: pilote um graviciclo fortemente armado com capacidade de manobra, habilidades e poder de fogo variados. Comande tamb\u00e9m sua equipe em campo, direcionando-a para atacar alvos, pegar itens e usar habilidades \u00fanicas para virar o jogo na batalha. \u2022 Campanha solo arrebatadora: de Marcus Lehto, cocriador de Halo e diretor criativo de Halo: Reach, chega uma nova saga de fic\u00e7\u00e3o cient\u00edfica. Jogue no papel de Romer Shoal e confronte a Rayonne, um ex\u00e9rcito global em ascens\u00e3o determinado a eliminar o que restou da humanidade.<\/p>\n","protected":false},"excerpt":{"rendered":"<p>Da V1 Interactive \u2014 o novo est\u00fadio de desenvolvimento independente fundado por Marcus Lehto, cocriador de Halo, e sua equipe de trinta profissionais \u2014, chega Disintegration, um jogo de tiro de fic\u00e7\u00e3o cient\u00edfica em primeira pessoa com elementos de estrat\u00e9gia em tempo real. Ambientado no futuro pr\u00f3ximo da Terra, a \u00fanica esperan\u00e7a de sobreviv\u00eancia da humanidade \u00e9 a Integra\u00e7\u00e3o, um processo desenvolvido para preservar c\u00e9rebros humanos em armaduras rob\u00f3ticas.<\/p>\n","protected":false},"featured_media":3184,"comment_status":"open","ping_status":"closed","template":"","meta":{"nf_dc_page":""},"product_brand":[],"product_cat":[22,52],"product_tag":[],"class_list":{"0":"post-3180","1":"product","2":"type-product","3":"status-publish","4":"has-post-thumbnail","6":"product_cat-acao-aventura","7":"product_cat-jogos-de-tiros","9":"first","10":"instock","11":"featured","12":"shipping-taxable","13":"purchasable","14":"product-type-variable","15":"has-default-attributes"},"_links":{"self":[{"href":"https:\/\/xboxgames.com.br\/loja\/wp-json\/wp\/v2\/product\/3180","targetHints":{"allow":["GET"]}}],"collection":[{"href":"https:\/\/xboxgames.com.br\/loja\/wp-json\/wp\/v2\/product"}],"about":[{"href":"https:\/\/xboxgames.com.br\/loja\/wp-json\/wp\/v2\/types\/product"}],"replies":[{"embeddable":true,"href":"https:\/\/xboxgames.com.br\/loja\/wp-json\/wp\/v2\/comments?post=3180"}],"version-history":[{"count":1,"href":"https:\/\/xboxgames.com.br\/loja\/wp-json\/wp\/v2\/product\/3180\/revisions"}],"predecessor-version":[{"id":3185,"href":"https:\/\/xboxgames.com.br\/loja\/wp-json\/wp\/v2\/product\/3180\/revisions\/3185"}],"wp:featuredmedia":[{"embeddable":true,"href":"https:\/\/xboxgames.com.br\/loja\/wp-json\/wp\/v2\/media\/3184"}],"wp:attachment":[{"href":"https:\/\/xboxgames.com.br\/loja\/wp-json\/wp\/v2\/media?parent=3180"}],"wp:term":[{"taxonomy":"product_brand","embeddable":true,"href":"https:\/\/xboxgames.com.br\/loja\/wp-json\/wp\/v2\/product_brand?post=3180"},{"taxonomy":"product_cat","embeddable":true,"href":"https:\/\/xboxgames.com.br\/loja\/wp-json\/wp\/v2\/product_cat?post=3180"},{"taxonomy":"product_tag","embeddable":true,"href":"https:\/\/xboxgames.com.br\/loja\/wp-json\/wp\/v2\/product_tag?post=3180"}],"curies":[{"name":"wp","href":"https:\/\/api.w.org\/{rel}","templated":true}]}}