{"id":3174,"date":"2025-02-03T18:46:27","date_gmt":"2025-02-03T21:46:27","guid":{"rendered":"https:\/\/xboxgames.com.br\/loja\/?post_type=product&#038;p=3174"},"modified":"2025-02-03T18:57:47","modified_gmt":"2025-02-03T21:57:47","slug":"mass-effect-andromeda-edicao-de-recruta-standard","status":"publish","type":"product","link":"https:\/\/xboxgames.com.br\/loja\/produto\/mass-effect-andromeda-edicao-de-recruta-standard\/","title":{"rendered":"Mass Effect: Andromeda \u2013 Edi\u00e7\u00e3o de Recruta Standard"},"content":{"rendered":"<p>A Edi\u00e7\u00e3o de Recruta Standard do Mass Effect&#x2122;: Andromeda leva os jogadores em uma miss\u00e3o para encontrar um novo lar para a humanidade na gal\u00e1xia de Andr\u00f4meda. Como Explorador ou Exploradora, voc\u00ea lidera a luta da humanidade pela sobreviv\u00eancia. Esta edi\u00e7\u00e3o inclui o Pacote de Recruta do Multiplayer &#8216;Soldado Turiano&#8217; que garante que voc\u00ea entrar\u00e1 bem equipado para a batalha no Multiplayer com o Personagem Turiano e uma sele\u00e7\u00e3o de armas, itens e refor\u00e7os especiais. A esperan\u00e7a da humanidade repousa sobre seus ombros. Voc\u00ea ter\u00e1 que decidir&#8230; Qu\u00e3o longe voc\u00ea ir\u00e1? \u2022 CONTE\u00daDO B\u00d4NUS: O pacote apresenta o Soldado Turiano, personagem do Multiplayer superpotente, robusto e vers\u00e1til. Suas principais ferramentas s\u00e3o as armas, mas tamb\u00e9m tira vantagem dos avan\u00e7os na tecnologia das armaduras. &#8211; Al\u00e9m disso, este pacote tamb\u00e9m inclui: o Personagem Incomum: Soldado Turiano (x2) o Arma Rara: X5 Ghost (x2) o Arma Incomum: Widow (x2) o Mod Raro n\u00ba 1: Cano de Fuzil de Assalto o Mod Raro n\u00ba 2: Cano de Fuzil de Precis\u00e3o o Mod Incomum n\u00ba 1: Carregador de Fuzil de Assalto o Mod Raro n\u00ba 2: Carregador T\u00e9rmico de Fuzil de Precis\u00e3o o Equipamento: Pacote For\u00e7a o Pacote de Suprimento Jumbo 1 (x5): Primeiros Socorros, Pacotes de Muni\u00e7\u00e3o e Reanima\u00e7\u00e3o, Lan\u00e7a-foguetes Cobra e Refor\u00e7os o Aprimoramentos de 100% da XP (x5) o 600 Pontos Andr\u00f4meda \u00a9 2017 Electronic Arts<\/p>\n","protected":false},"excerpt":{"rendered":"<p>A Edi\u00e7\u00e3o de Recruta Standard do Mass Effect&#x2122;: Andromeda leva os jogadores em uma miss\u00e3o para encontrar um novo lar para a humanidade na gal\u00e1xia de Andr\u00f4meda. Como Explorador ou Exploradora, voc\u00ea lidera a luta da humanidade pela sobreviv\u00eancia. Esta edi\u00e7\u00e3o inclui o Pacote de Recruta do Multiplayer &#8216;Soldado Turiano&#8217; que garante que voc\u00ea entrar\u00e1 bem equipado para a batalha no Multiplayer com o Personagem Turiano e uma sele\u00e7\u00e3o de armas, itens e refor\u00e7os especiais. A esperan\u00e7a da humanidade repousa sobre seus ombros. Voc\u00ea ter\u00e1 que decidir&#8230; Qu\u00e3o longe voc\u00ea ir\u00e1?<\/p>\n","protected":false},"featured_media":3178,"comment_status":"open","ping_status":"closed","template":"","meta":{"nf_dc_page":""},"product_brand":[],"product_cat":[22],"product_tag":[],"class_list":{"0":"post-3174","1":"product","2":"type-product","3":"status-publish","4":"has-post-thumbnail","6":"product_cat-acao-aventura","8":"first","9":"instock","10":"featured","11":"shipping-taxable","12":"purchasable","13":"product-type-variable","14":"has-default-attributes"},"_links":{"self":[{"href":"https:\/\/xboxgames.com.br\/loja\/wp-json\/wp\/v2\/product\/3174","targetHints":{"allow":["GET"]}}],"collection":[{"href":"https:\/\/xboxgames.com.br\/loja\/wp-json\/wp\/v2\/product"}],"about":[{"href":"https:\/\/xboxgames.com.br\/loja\/wp-json\/wp\/v2\/types\/product"}],"replies":[{"embeddable":true,"href":"https:\/\/xboxgames.com.br\/loja\/wp-json\/wp\/v2\/comments?post=3174"}],"version-history":[{"count":1,"href":"https:\/\/xboxgames.com.br\/loja\/wp-json\/wp\/v2\/product\/3174\/revisions"}],"predecessor-version":[{"id":3179,"href":"https:\/\/xboxgames.com.br\/loja\/wp-json\/wp\/v2\/product\/3174\/revisions\/3179"}],"wp:featuredmedia":[{"embeddable":true,"href":"https:\/\/xboxgames.com.br\/loja\/wp-json\/wp\/v2\/media\/3178"}],"wp:attachment":[{"href":"https:\/\/xboxgames.com.br\/loja\/wp-json\/wp\/v2\/media?parent=3174"}],"wp:term":[{"taxonomy":"product_brand","embeddable":true,"href":"https:\/\/xboxgames.com.br\/loja\/wp-json\/wp\/v2\/product_brand?post=3174"},{"taxonomy":"product_cat","embeddable":true,"href":"https:\/\/xboxgames.com.br\/loja\/wp-json\/wp\/v2\/product_cat?post=3174"},{"taxonomy":"product_tag","embeddable":true,"href":"https:\/\/xboxgames.com.br\/loja\/wp-json\/wp\/v2\/product_tag?post=3174"}],"curies":[{"name":"wp","href":"https:\/\/api.w.org\/{rel}","templated":true}]}}