{"id":3168,"date":"2025-02-03T18:24:08","date_gmt":"2025-02-03T21:24:08","guid":{"rendered":"https:\/\/xboxgames.com.br\/loja\/?post_type=product&#038;p=3168"},"modified":"2025-02-03T18:29:43","modified_gmt":"2025-02-03T21:29:43","slug":"tom-clancys-the-division","status":"publish","type":"product","link":"https:\/\/xboxgames.com.br\/loja\/produto\/tom-clancys-the-division\/","title":{"rendered":"Tom Clancy&#8217;s The Division"},"content":{"rendered":"<p>Tom Clancy\u2019s The Division \u00e9 uma experi\u00eancia revolucion\u00e1ria da nova gera\u00e7\u00e3o que coloca, pela primeira vez, o RPG num cen\u00e1rio militar moderno. Em meio a uma pandemia devastadora que assola Nova York, os servi\u00e7os b\u00e1sicos entram em colapso um ap\u00f3s o outro e, sem acesso a comida ou \u00e1gua, a cidade mergulha no caos rapidamente. Como agente do The Division voc\u00ea vai modificar e aperfei\u00e7oar equipamentos, armas e habilidades para recuperar o controle de Nova York, usando seu pr\u00f3prio estilo.<\/p>\n","protected":false},"excerpt":{"rendered":"<p>Tom Clancy\u2019s The Division \u00e9 uma experi\u00eancia revolucion\u00e1ria da nova gera\u00e7\u00e3o que coloca, pela primeira vez, o RPG num cen\u00e1rio militar moderno. Em meio a uma pandemia devastadora que assola Nova York, os servi\u00e7os b\u00e1sicos entram em colapso um ap\u00f3s o outro e, sem acesso a comida ou \u00e1gua, a cidade mergulha no caos rapidamente. Como agente do The Division voc\u00ea vai modificar e aperfei\u00e7oar equipamentos, armas e habilidades para recuperar o controle de Nova York, usando seu pr\u00f3prio estilo.<\/p>\n","protected":false},"featured_media":3172,"comment_status":"open","ping_status":"closed","template":"","meta":{"nf_dc_page":""},"product_brand":[],"product_cat":[22,52],"product_tag":[],"class_list":{"0":"post-3168","1":"product","2":"type-product","3":"status-publish","4":"has-post-thumbnail","6":"product_cat-acao-aventura","7":"product_cat-jogos-de-tiros","9":"first","10":"instock","11":"featured","12":"shipping-taxable","13":"purchasable","14":"product-type-variable","15":"has-default-attributes"},"_links":{"self":[{"href":"https:\/\/xboxgames.com.br\/loja\/wp-json\/wp\/v2\/product\/3168","targetHints":{"allow":["GET"]}}],"collection":[{"href":"https:\/\/xboxgames.com.br\/loja\/wp-json\/wp\/v2\/product"}],"about":[{"href":"https:\/\/xboxgames.com.br\/loja\/wp-json\/wp\/v2\/types\/product"}],"replies":[{"embeddable":true,"href":"https:\/\/xboxgames.com.br\/loja\/wp-json\/wp\/v2\/comments?post=3168"}],"version-history":[{"count":1,"href":"https:\/\/xboxgames.com.br\/loja\/wp-json\/wp\/v2\/product\/3168\/revisions"}],"predecessor-version":[{"id":3173,"href":"https:\/\/xboxgames.com.br\/loja\/wp-json\/wp\/v2\/product\/3168\/revisions\/3173"}],"wp:featuredmedia":[{"embeddable":true,"href":"https:\/\/xboxgames.com.br\/loja\/wp-json\/wp\/v2\/media\/3172"}],"wp:attachment":[{"href":"https:\/\/xboxgames.com.br\/loja\/wp-json\/wp\/v2\/media?parent=3168"}],"wp:term":[{"taxonomy":"product_brand","embeddable":true,"href":"https:\/\/xboxgames.com.br\/loja\/wp-json\/wp\/v2\/product_brand?post=3168"},{"taxonomy":"product_cat","embeddable":true,"href":"https:\/\/xboxgames.com.br\/loja\/wp-json\/wp\/v2\/product_cat?post=3168"},{"taxonomy":"product_tag","embeddable":true,"href":"https:\/\/xboxgames.com.br\/loja\/wp-json\/wp\/v2\/product_tag?post=3168"}],"curies":[{"name":"wp","href":"https:\/\/api.w.org\/{rel}","templated":true}]}}