{"id":3156,"date":"2025-02-03T17:47:19","date_gmt":"2025-02-03T20:47:19","guid":{"rendered":"https:\/\/xboxgames.com.br\/loja\/?post_type=product&#038;p=3156"},"modified":"2025-02-03T17:51:20","modified_gmt":"2025-02-03T20:51:20","slug":"a-way-out","status":"publish","type":"product","link":"https:\/\/xboxgames.com.br\/loja\/produto\/a-way-out\/","title":{"rendered":"A Way Out"},"content":{"rendered":"<p>Dos criadores de<strong>\u00a0Brothers \u2013 A Tale of Two Sons<\/strong>\u00a0chega\u00a0<strong>A Way Out<\/strong>, uma aventura exclusivamente cooperativa na qual voc\u00ea assume o papel de um dos dois prisioneiros em uma fuga da pris\u00e3o.<br \/>\nO que come\u00e7a como uma fuga eletrizante rapidamente se transforma em uma aventura imprevis\u00edvel e dram\u00e1tica, diferente de tudo que voc\u00ea jogou antes.<br \/>\n<strong>A Way Out<\/strong>\u00a0\u00e9 uma experi\u00eancia que deve ser vivida por dois jogadores. Cada jogador controla um dos personagens principais \u2013\u00a0<strong>Leo<\/strong>\u00a0e\u00a0<strong>Vincent<\/strong>\u00a0\u2013 em uma alian\u00e7a relutante para fugir da pris\u00e3o e ganhar a liberdade.<br \/>\nViva toda a experi\u00eancia com seus amigos gratuitamente usando o recurso de teste gr\u00e1tis do passe de amigo. Ao adquirir o jogo completo, voc\u00ea pode convidar qualquer um dos seus amigos on-line, independente se eles adquiriram ou n\u00e3o o jogo. Envie um convite no menu do jogo, eles desbloquear\u00e3o o teste gr\u00e1tis e ent\u00e3o voc\u00eas estar\u00e3o prontos para jogar a experi\u00eancia completa juntos.<\/p>\n","protected":false},"excerpt":{"rendered":"<p>Dos criadores de<strong>\u00a0Brothers \u2013 A Tale of Two Sons<\/strong>\u00a0chega\u00a0<strong>A Way Out<\/strong>, uma aventura exclusivamente cooperativa na qual voc\u00ea assume o papel de um dos dois prisioneiros em uma fuga da pris\u00e3o.<br \/>\nO que come\u00e7a como uma fuga eletrizante rapidamente se transforma em uma aventura imprevis\u00edvel e dram\u00e1tica, diferente de tudo que voc\u00ea jogou antes.<\/p>\n","protected":false},"featured_media":3160,"comment_status":"open","ping_status":"closed","template":"","meta":{"nf_dc_page":""},"product_brand":[],"product_cat":[22],"product_tag":[],"class_list":{"0":"post-3156","1":"product","2":"type-product","3":"status-publish","4":"has-post-thumbnail","6":"product_cat-acao-aventura","8":"first","9":"instock","10":"featured","11":"shipping-taxable","12":"purchasable","13":"product-type-variable","14":"has-default-attributes"},"_links":{"self":[{"href":"https:\/\/xboxgames.com.br\/loja\/wp-json\/wp\/v2\/product\/3156","targetHints":{"allow":["GET"]}}],"collection":[{"href":"https:\/\/xboxgames.com.br\/loja\/wp-json\/wp\/v2\/product"}],"about":[{"href":"https:\/\/xboxgames.com.br\/loja\/wp-json\/wp\/v2\/types\/product"}],"replies":[{"embeddable":true,"href":"https:\/\/xboxgames.com.br\/loja\/wp-json\/wp\/v2\/comments?post=3156"}],"version-history":[{"count":1,"href":"https:\/\/xboxgames.com.br\/loja\/wp-json\/wp\/v2\/product\/3156\/revisions"}],"predecessor-version":[{"id":3161,"href":"https:\/\/xboxgames.com.br\/loja\/wp-json\/wp\/v2\/product\/3156\/revisions\/3161"}],"wp:featuredmedia":[{"embeddable":true,"href":"https:\/\/xboxgames.com.br\/loja\/wp-json\/wp\/v2\/media\/3160"}],"wp:attachment":[{"href":"https:\/\/xboxgames.com.br\/loja\/wp-json\/wp\/v2\/media?parent=3156"}],"wp:term":[{"taxonomy":"product_brand","embeddable":true,"href":"https:\/\/xboxgames.com.br\/loja\/wp-json\/wp\/v2\/product_brand?post=3156"},{"taxonomy":"product_cat","embeddable":true,"href":"https:\/\/xboxgames.com.br\/loja\/wp-json\/wp\/v2\/product_cat?post=3156"},{"taxonomy":"product_tag","embeddable":true,"href":"https:\/\/xboxgames.com.br\/loja\/wp-json\/wp\/v2\/product_tag?post=3156"}],"curies":[{"name":"wp","href":"https:\/\/api.w.org\/{rel}","templated":true}]}}