{"id":3150,"date":"2025-02-03T17:35:45","date_gmt":"2025-02-03T20:35:45","guid":{"rendered":"https:\/\/xboxgames.com.br\/loja\/?post_type=product&#038;p=3150"},"modified":"2025-02-03T17:38:16","modified_gmt":"2025-02-03T20:38:16","slug":"need-for-speed","status":"publish","type":"product","link":"https:\/\/xboxgames.com.br\/loja\/produto\/need-for-speed\/","title":{"rendered":"Need For Speed"},"content":{"rendered":"<p>Pronto para possuir as ruas? Chegar ao volante de carros e andar ele ic\u00f4nicas atrav\u00e9s Ventura Bay, um parque infantil urbana alastrando. Explorar sobreposi\u00e7\u00e3o de hist\u00f3rias como voc\u00ea construir a sua reputa\u00e7\u00e3o \u2013 e seu carro de sonho \u2013 e se tornar o \u00edcone de corridas. Reequipadas e reabastecido para uma experi\u00eancia de corrida de pr\u00f3xima gera\u00e7\u00e3o, Need for Speed traz de volta a franquia de corrida popular com personaliza\u00e7\u00e3o complexo, a cultura do carro urbano, um mundo aberto noturno, e uma nova narrativa. O jogo apresenta cinco formas de jogar: Velocidade, Estilo, Construir, Tripula\u00e7\u00e3o, e Outlaw. Combine todos os cinco para criar essa necessidade momento perfeito para velocidade; dirigindo insanamente r\u00e1pido, deslizando atrav\u00e9s de um canto em seu passeio personalizado ao lado de seus amigos, enquanto sendo perseguido pela pol\u00edcia.<\/p>\n","protected":false},"excerpt":{"rendered":"<p>Pronto para possuir as ruas? Chegar ao volante de carros e andar ele ic\u00f4nicas atrav\u00e9s Ventura Bay, um parque infantil urbana alastrando. Explorar sobreposi\u00e7\u00e3o de hist\u00f3rias como voc\u00ea construir a sua reputa\u00e7\u00e3o \u2013 e seu carro de sonho \u2013 e se tornar o \u00edcone de corridas. Reequipadas e reabastecido para uma experi\u00eancia de corrida de pr\u00f3xima gera\u00e7\u00e3o, Need for Speed traz de volta a franquia de corrida popular com personaliza\u00e7\u00e3o complexo, a cultura do carro urbano, um mundo aberto noturno, e uma nova narrativa. O jogo apresenta cinco formas de jogar: Velocidade, Estilo, Construir, Tripula\u00e7\u00e3o, e Outlaw. Combine todos os cinco para criar essa necessidade momento perfeito para velocidade; dirigindo insanamente r\u00e1pido, deslizando atrav\u00e9s de um canto em seu passeio personalizado ao lado de seus amigos, enquanto sendo perseguido pela pol\u00edcia.<\/p>\n","protected":false},"featured_media":3154,"comment_status":"open","ping_status":"closed","template":"","meta":{"nf_dc_page":""},"product_brand":[],"product_cat":[28],"product_tag":[],"class_list":{"0":"post-3150","1":"product","2":"type-product","3":"status-publish","4":"has-post-thumbnail","6":"product_cat-corridas-voo","8":"first","9":"instock","10":"featured","11":"shipping-taxable","12":"purchasable","13":"product-type-variable","14":"has-default-attributes"},"_links":{"self":[{"href":"https:\/\/xboxgames.com.br\/loja\/wp-json\/wp\/v2\/product\/3150","targetHints":{"allow":["GET"]}}],"collection":[{"href":"https:\/\/xboxgames.com.br\/loja\/wp-json\/wp\/v2\/product"}],"about":[{"href":"https:\/\/xboxgames.com.br\/loja\/wp-json\/wp\/v2\/types\/product"}],"replies":[{"embeddable":true,"href":"https:\/\/xboxgames.com.br\/loja\/wp-json\/wp\/v2\/comments?post=3150"}],"version-history":[{"count":1,"href":"https:\/\/xboxgames.com.br\/loja\/wp-json\/wp\/v2\/product\/3150\/revisions"}],"predecessor-version":[{"id":3155,"href":"https:\/\/xboxgames.com.br\/loja\/wp-json\/wp\/v2\/product\/3150\/revisions\/3155"}],"wp:featuredmedia":[{"embeddable":true,"href":"https:\/\/xboxgames.com.br\/loja\/wp-json\/wp\/v2\/media\/3154"}],"wp:attachment":[{"href":"https:\/\/xboxgames.com.br\/loja\/wp-json\/wp\/v2\/media?parent=3150"}],"wp:term":[{"taxonomy":"product_brand","embeddable":true,"href":"https:\/\/xboxgames.com.br\/loja\/wp-json\/wp\/v2\/product_brand?post=3150"},{"taxonomy":"product_cat","embeddable":true,"href":"https:\/\/xboxgames.com.br\/loja\/wp-json\/wp\/v2\/product_cat?post=3150"},{"taxonomy":"product_tag","embeddable":true,"href":"https:\/\/xboxgames.com.br\/loja\/wp-json\/wp\/v2\/product_tag?post=3150"}],"curies":[{"name":"wp","href":"https:\/\/api.w.org\/{rel}","templated":true}]}}