{"id":3144,"date":"2025-02-03T17:27:26","date_gmt":"2025-02-03T20:27:26","guid":{"rendered":"https:\/\/xboxgames.com.br\/loja\/?post_type=product&#038;p=3144"},"modified":"2025-02-03T17:32:41","modified_gmt":"2025-02-03T20:32:41","slug":"need-for-speed-rivals","status":"publish","type":"product","link":"https:\/\/xboxgames.com.br\/loja\/produto\/need-for-speed-rivals\/","title":{"rendered":"Need for Speed: Rivals"},"content":{"rendered":"<p>Bem-vindo a Redview County, lugar onde uma disputa de corrida de rua entre policiais e corredores nunca para, com os dois lados competindo numa guerra sem limites com os carros mais r\u00e1pidos, modifica\u00e7\u00f5es e tecnologias em um ambiente de estrada aberta.<\/p>\n<p>Jogue como policial ou corredor, onde cada lado da lei tem seu pr\u00f3prio conjunto de desafios, recompensas e consequ\u00eancias. Arrisque tudo nessa rivalidade de alto risco.<\/p>\n","protected":false},"excerpt":{"rendered":"<p>Bem-vindo a Redview County, lugar onde uma disputa de corrida de rua entre policiais e corredores nunca para, com os dois lados competindo numa guerra sem limites com os carros mais r\u00e1pidos, modifica\u00e7\u00f5es e tecnologias em um ambiente de estrada aberta.<\/p>\n<p>Jogue como policial ou corredor, onde cada lado da lei tem seu pr\u00f3prio conjunto de desafios, recompensas e consequ\u00eancias. Arrisque tudo nessa rivalidade de alto risco.<\/p>\n","protected":false},"featured_media":3148,"comment_status":"open","ping_status":"closed","template":"","meta":{"nf_dc_page":""},"product_brand":[],"product_cat":[28],"product_tag":[],"class_list":{"0":"post-3144","1":"product","2":"type-product","3":"status-publish","4":"has-post-thumbnail","6":"product_cat-corridas-voo","8":"first","9":"instock","10":"featured","11":"shipping-taxable","12":"purchasable","13":"product-type-variable","14":"has-default-attributes"},"_links":{"self":[{"href":"https:\/\/xboxgames.com.br\/loja\/wp-json\/wp\/v2\/product\/3144","targetHints":{"allow":["GET"]}}],"collection":[{"href":"https:\/\/xboxgames.com.br\/loja\/wp-json\/wp\/v2\/product"}],"about":[{"href":"https:\/\/xboxgames.com.br\/loja\/wp-json\/wp\/v2\/types\/product"}],"replies":[{"embeddable":true,"href":"https:\/\/xboxgames.com.br\/loja\/wp-json\/wp\/v2\/comments?post=3144"}],"version-history":[{"count":1,"href":"https:\/\/xboxgames.com.br\/loja\/wp-json\/wp\/v2\/product\/3144\/revisions"}],"predecessor-version":[{"id":3149,"href":"https:\/\/xboxgames.com.br\/loja\/wp-json\/wp\/v2\/product\/3144\/revisions\/3149"}],"wp:featuredmedia":[{"embeddable":true,"href":"https:\/\/xboxgames.com.br\/loja\/wp-json\/wp\/v2\/media\/3148"}],"wp:attachment":[{"href":"https:\/\/xboxgames.com.br\/loja\/wp-json\/wp\/v2\/media?parent=3144"}],"wp:term":[{"taxonomy":"product_brand","embeddable":true,"href":"https:\/\/xboxgames.com.br\/loja\/wp-json\/wp\/v2\/product_brand?post=3144"},{"taxonomy":"product_cat","embeddable":true,"href":"https:\/\/xboxgames.com.br\/loja\/wp-json\/wp\/v2\/product_cat?post=3144"},{"taxonomy":"product_tag","embeddable":true,"href":"https:\/\/xboxgames.com.br\/loja\/wp-json\/wp\/v2\/product_tag?post=3144"}],"curies":[{"name":"wp","href":"https:\/\/api.w.org\/{rel}","templated":true}]}}