{"id":3138,"date":"2025-02-03T17:15:21","date_gmt":"2025-02-03T20:15:21","guid":{"rendered":"https:\/\/xboxgames.com.br\/loja\/?post_type=product&#038;p=3138"},"modified":"2025-02-03T17:20:04","modified_gmt":"2025-02-03T20:20:04","slug":"tomb-raider-definitive-edition","status":"publish","type":"product","link":"https:\/\/xboxgames.com.br\/loja\/produto\/tomb-raider-definitive-edition\/","title":{"rendered":"Tomb Raider: Definitive Edition"},"content":{"rendered":"<p>O jogo de a\u00e7\u00e3o e aventura cinem\u00e1tico que transformou a jovem e inexperiente\u00a0<strong>Lara Croft<\/strong>\u00a0numa sobrevivente endurecida foi remodelado para os consoles da nova gera\u00e7\u00e3o, com uma Lara desenhada com detalhe obsessivo e um mundo espetacular semelhante ao real. A Lara tem que sobreviver a combates de alto n\u00edvel, personalizar suas armas e equipamento, e ultrapassar ambientes dif\u00edceis para sobreviver \u00e0 sua primeira aventura e desvendar o segredo letal da ilha. A\u00a0<strong>Edi\u00e7\u00e3o Definitiva<\/strong>\u00a0deste jogo adorado pela cr\u00edtica possui conte\u00fado extra e inclui todos os conte\u00fados para download da vers\u00e3o do\u00a0<strong>Xbox<\/strong>\u00a0<strong>360<\/strong>.<\/p>\n","protected":false},"excerpt":{"rendered":"<p>O jogo de a\u00e7\u00e3o e aventura cinem\u00e1tico que transformou a jovem e inexperiente\u00a0<strong>Lara Croft<\/strong>\u00a0numa sobrevivente endurecida foi remodelado para os consoles da nova gera\u00e7\u00e3o, com uma Lara desenhada com detalhe obsessivo e um mundo espetacular semelhante ao real. A Lara tem que sobreviver a combates de alto n\u00edvel, personalizar suas armas e equipamento, e ultrapassar ambientes dif\u00edceis para sobreviver \u00e0 sua primeira aventura e desvendar o segredo letal da ilha. A\u00a0<strong>Edi\u00e7\u00e3o Definitiva<\/strong>\u00a0deste jogo adorado pela cr\u00edtica possui conte\u00fado extra e inclui todos os conte\u00fados para download da vers\u00e3o do\u00a0<strong>Xbox<\/strong>\u00a0<strong>360<\/strong>.<\/p>\n","protected":false},"featured_media":3142,"comment_status":"open","ping_status":"closed","template":"","meta":{"nf_dc_page":""},"product_brand":[],"product_cat":[22],"product_tag":[],"class_list":{"0":"post-3138","1":"product","2":"type-product","3":"status-publish","4":"has-post-thumbnail","6":"product_cat-acao-aventura","8":"first","9":"instock","10":"featured","11":"shipping-taxable","12":"purchasable","13":"product-type-variable","14":"has-default-attributes"},"_links":{"self":[{"href":"https:\/\/xboxgames.com.br\/loja\/wp-json\/wp\/v2\/product\/3138","targetHints":{"allow":["GET"]}}],"collection":[{"href":"https:\/\/xboxgames.com.br\/loja\/wp-json\/wp\/v2\/product"}],"about":[{"href":"https:\/\/xboxgames.com.br\/loja\/wp-json\/wp\/v2\/types\/product"}],"replies":[{"embeddable":true,"href":"https:\/\/xboxgames.com.br\/loja\/wp-json\/wp\/v2\/comments?post=3138"}],"version-history":[{"count":1,"href":"https:\/\/xboxgames.com.br\/loja\/wp-json\/wp\/v2\/product\/3138\/revisions"}],"predecessor-version":[{"id":3143,"href":"https:\/\/xboxgames.com.br\/loja\/wp-json\/wp\/v2\/product\/3138\/revisions\/3143"}],"wp:featuredmedia":[{"embeddable":true,"href":"https:\/\/xboxgames.com.br\/loja\/wp-json\/wp\/v2\/media\/3142"}],"wp:attachment":[{"href":"https:\/\/xboxgames.com.br\/loja\/wp-json\/wp\/v2\/media?parent=3138"}],"wp:term":[{"taxonomy":"product_brand","embeddable":true,"href":"https:\/\/xboxgames.com.br\/loja\/wp-json\/wp\/v2\/product_brand?post=3138"},{"taxonomy":"product_cat","embeddable":true,"href":"https:\/\/xboxgames.com.br\/loja\/wp-json\/wp\/v2\/product_cat?post=3138"},{"taxonomy":"product_tag","embeddable":true,"href":"https:\/\/xboxgames.com.br\/loja\/wp-json\/wp\/v2\/product_tag?post=3138"}],"curies":[{"name":"wp","href":"https:\/\/api.w.org\/{rel}","templated":true}]}}