{"id":3118,"date":"2025-02-03T13:18:38","date_gmt":"2025-02-03T16:18:38","guid":{"rendered":"https:\/\/xboxgames.com.br\/loja\/?post_type=product&#038;p=3118"},"modified":"2025-02-03T17:07:31","modified_gmt":"2025-02-03T20:07:31","slug":"xbox-series-x-galaxy-black-special-edition-2tb-ssd-preto","status":"publish","type":"product","link":"https:\/\/xboxgames.com.br\/loja\/produto\/xbox-series-x-galaxy-black-special-edition-2tb-ssd-preto\/","title":{"rendered":"Xbox Series X Galaxy Black Special Edition 2TB SSD Preto"},"content":{"rendered":"<p>O Xbox Series X Galaxy Black Special oferece uma experi\u00eancia de jogos de \u00faltima gera\u00e7\u00e3o, com arquitetura GDDR6 e processador Zen 2 que garantem desempenho avan\u00e7ado. Sua GPU RDNA 2 permite jogar em resolu\u00e7\u00e3o 4K a 120Hz, entregando fluidez e realismo visual, enquanto a tecnologia AMD FreeSync integrada minimiza interrup\u00e7\u00f5es e lat\u00eancia nas imagens. Constru\u00eddo com um sistema de resfriamento eficiente e design robusto, \u00e9 ideal para sess\u00f5es prolongadas, proporcionando desempenho m\u00e1ximo e estabilidade.<\/p>\n<div id=\"especificacoes\" class=\"col-12\"><label id=\"j_idt276\" class=\"ui-outputlabel ui-widget title-prod-detal\"><span class=\"ui-outputlabel-label\">Especifica\u00e7\u00f5es<\/span><\/label><\/div>\n<div class=\"h_line3\"><\/div>\n<div class=\"col-4 md:col-6 lg:col-7 grid-prod-espec\">\n<ul>\n<li class=\"grid-item grid-item-prod-espec\"><label id=\"dtFichaTecnicaDesktop:0:j_idt279\" class=\"ui-outputlabel ui-widget title-prod-espec\"><span class=\"ui-outputlabel-label\">Modelo<\/span><\/label>\n<p><label id=\"dtFichaTecnicaDesktop:0:j_idt283\" class=\"ui-outputlabel ui-widget text-prod-espec\"><span class=\"ui-outputlabel-label\">Xbox Series X<\/span><\/label>&nbsp;<\/li>\n<li class=\"grid-item grid-item-prod-espec\"><label id=\"dtFichaTecnicaDesktop:1:j_idt279\" class=\"ui-outputlabel ui-widget title-prod-espec\"><span class=\"ui-outputlabel-label\">Edi\u00e7\u00e3o<\/span><\/label>\n<p><label id=\"dtFichaTecnicaDesktop:1:j_idt283\" class=\"ui-outputlabel ui-widget text-prod-espec\"><span class=\"ui-outputlabel-label\">F\u00edsico (USA)<\/span><\/label>&nbsp;<\/li>\n<li class=\"grid-item grid-item-prod-espec\"><label id=\"dtFichaTecnicaDesktop:2:j_idt279\" class=\"ui-outputlabel ui-widget title-prod-espec\"><span class=\"ui-outputlabel-label\">Capacidade<\/span><\/label>\n<p><label id=\"dtFichaTecnicaDesktop:2:j_idt283\" class=\"ui-outputlabel ui-widget text-prod-espec\"><span class=\"ui-outputlabel-label\">2 TB<\/span><\/label>&nbsp;<\/li>\n<li class=\"grid-item grid-item-prod-espec\"><label id=\"dtFichaTecnicaDesktop:3:j_idt279\" class=\"ui-outputlabel ui-widget title-prod-espec\"><span class=\"ui-outputlabel-label\">Mem\u00f3ria RAM<\/span><\/label>\n<p><label id=\"dtFichaTecnicaDesktop:3:j_idt283\" class=\"ui-outputlabel ui-widget text-prod-espec\"><span class=\"ui-outputlabel-label\">16 GB GDDR6<\/span><\/label>&nbsp;<\/li>\n<li class=\"grid-item grid-item-prod-espec\"><label id=\"dtFichaTecnicaDesktop:4:j_idt279\" class=\"ui-outputlabel ui-widget title-prod-espec\"><span class=\"ui-outputlabel-label\">Processador<\/span><\/label>\n<p><label id=\"dtFichaTecnicaDesktop:4:j_idt283\" class=\"ui-outputlabel ui-widget text-prod-espec\"><span class=\"ui-outputlabel-label\">Zen 2 personalizada de 8X Cores 3,8 GHz (3,6 GHz com SMT)<\/span><\/label>&nbsp;<\/li>\n<li class=\"grid-item grid-item-prod-espec\"><label id=\"dtFichaTecnicaDesktop:5:j_idt279\" class=\"ui-outputlabel ui-widget title-prod-espec\"><span class=\"ui-outputlabel-label\">Gr\u00e1ficos<\/span><\/label>\n<p><label id=\"dtFichaTecnicaDesktop:5:j_idt283\" class=\"ui-outputlabel ui-widget text-prod-espec\"><span class=\"ui-outputlabel-label\">RDNA 2 personalizado de 12 TFLOPS, 52 CUs 1.825 GHz<\/span><\/label>&nbsp;<\/li>\n<li class=\"grid-item grid-item-prod-espec\"><label id=\"dtFichaTecnicaDesktop:6:j_idt279\" class=\"ui-outputlabel ui-widget title-prod-espec\"><span class=\"ui-outputlabel-label\">Conectividade wireless<\/span><\/label>\n<p><label id=\"dtFichaTecnicaDesktop:6:j_idt283\" class=\"ui-outputlabel ui-widget text-prod-espec\"><span class=\"ui-outputlabel-label\">Wi-Fi | Bluetooth<\/span><\/label>&nbsp;<\/li>\n<li class=\"grid-item grid-item-prod-espec\"><label id=\"dtFichaTecnicaDesktop:7:j_idt279\" class=\"ui-outputlabel ui-widget title-prod-espec\"><span class=\"ui-outputlabel-label\">\u00c1udio<\/span><\/label>\n<p><label id=\"dtFichaTecnicaDesktop:7:j_idt283\" class=\"ui-outputlabel ui-widget text-prod-espec\"><span class=\"ui-outputlabel-label\">Dolby Digital 5.1 | Dolby TrueHD com Atmos<\/span><\/label>&nbsp;<\/li>\n<li class=\"grid-item grid-item-prod-espec\"><label id=\"dtFichaTecnicaDesktop:8:j_idt279\" class=\"ui-outputlabel ui-widget title-prod-espec\"><span class=\"ui-outputlabel-label\">Interface<\/span><\/label>\n<p><label id=\"dtFichaTecnicaDesktop:8:j_idt283\" class=\"ui-outputlabel ui-widget text-prod-espec\"><span class=\"ui-outputlabel-label\">HDMI | USB | LAN<\/span><\/label>&nbsp;<\/li>\n<li class=\"grid-item grid-item-prod-espec\"><label id=\"dtFichaTecnicaDesktop:9:j_idt279\" class=\"ui-outputlabel ui-widget title-prod-espec\"><span class=\"ui-outputlabel-label\">Cor<\/span><\/label>\n<p><label id=\"dtFichaTecnicaDesktop:9:j_idt283\" class=\"ui-outputlabel ui-widget text-prod-espec\"><span class=\"ui-outputlabel-label\">Preto<\/span><\/label>&nbsp;<\/li>\n<li class=\"grid-item grid-item-prod-espec\"><label id=\"dtFichaTecnicaDesktop:10:j_idt279\" class=\"ui-outputlabel ui-widget title-prod-espec\"><span class=\"ui-outputlabel-label\">Recursos<\/span><\/label>\n<p><label id=\"dtFichaTecnicaDesktop:10:j_idt283\" class=\"ui-outputlabel ui-widget text-prod-espec\"><span class=\"ui-outputlabel-label\">Resolu\u00e7\u00e3o em at\u00e9 4K | AMD FreeSync | 120 FPS<\/span><\/label><\/li>\n<\/ul>\n<\/div>\n","protected":false},"excerpt":{"rendered":"<p>O Xbox Series X Galaxy Black Special oferece uma experi\u00eancia de jogos de \u00faltima gera\u00e7\u00e3o, com arquitetura GDDR6 e processador Zen 2 que garantem desempenho avan\u00e7ado. Sua GPU RDNA 2 permite jogar em resolu\u00e7\u00e3o 4K a 120Hz, entregando fluidez e realismo visual, enquanto a tecnologia AMD FreeSync integrada minimiza interrup\u00e7\u00f5es e lat\u00eancia nas imagens. Constru\u00eddo com um sistema de resfriamento eficiente e design robusto, \u00e9 ideal para sess\u00f5es prolongadas, proporcionando desempenho m\u00e1ximo e estabilidade.<\/p>\n","protected":false},"featured_media":3122,"comment_status":"open","ping_status":"closed","template":"","meta":{"nf_dc_page":""},"product_brand":[157],"product_cat":[21],"product_tag":[],"class_list":{"0":"post-3118","1":"product","2":"type-product","3":"status-publish","4":"has-post-thumbnail","6":"product_brand-microsoft","7":"product_cat-consoles-e-acessorios","9":"first","10":"instock","11":"featured","12":"shipping-taxable","13":"purchasable","14":"product-type-simple"},"_links":{"self":[{"href":"https:\/\/xboxgames.com.br\/loja\/wp-json\/wp\/v2\/product\/3118","targetHints":{"allow":["GET"]}}],"collection":[{"href":"https:\/\/xboxgames.com.br\/loja\/wp-json\/wp\/v2\/product"}],"about":[{"href":"https:\/\/xboxgames.com.br\/loja\/wp-json\/wp\/v2\/types\/product"}],"replies":[{"embeddable":true,"href":"https:\/\/xboxgames.com.br\/loja\/wp-json\/wp\/v2\/comments?post=3118"}],"version-history":[{"count":1,"href":"https:\/\/xboxgames.com.br\/loja\/wp-json\/wp\/v2\/product\/3118\/revisions"}],"predecessor-version":[{"id":3123,"href":"https:\/\/xboxgames.com.br\/loja\/wp-json\/wp\/v2\/product\/3118\/revisions\/3123"}],"wp:featuredmedia":[{"embeddable":true,"href":"https:\/\/xboxgames.com.br\/loja\/wp-json\/wp\/v2\/media\/3122"}],"wp:attachment":[{"href":"https:\/\/xboxgames.com.br\/loja\/wp-json\/wp\/v2\/media?parent=3118"}],"wp:term":[{"taxonomy":"product_brand","embeddable":true,"href":"https:\/\/xboxgames.com.br\/loja\/wp-json\/wp\/v2\/product_brand?post=3118"},{"taxonomy":"product_cat","embeddable":true,"href":"https:\/\/xboxgames.com.br\/loja\/wp-json\/wp\/v2\/product_cat?post=3118"},{"taxonomy":"product_tag","embeddable":true,"href":"https:\/\/xboxgames.com.br\/loja\/wp-json\/wp\/v2\/product_tag?post=3118"}],"curies":[{"name":"wp","href":"https:\/\/api.w.org\/{rel}","templated":true}]}}