{"id":3102,"date":"2025-02-03T11:22:33","date_gmt":"2025-02-03T14:22:33","guid":{"rendered":"https:\/\/xboxgames.com.br\/loja\/?post_type=product&#038;p=3102"},"modified":"2025-02-03T11:26:43","modified_gmt":"2025-02-03T14:26:43","slug":"the-crew-2","status":"publish","type":"product","link":"https:\/\/xboxgames.com.br\/loja\/produto\/the-crew-2\/","title":{"rendered":"The Crew 2"},"content":{"rendered":"<p><strong>JUNTE-SE A UMA COMUNIDADE DE 30 MILH\u00d5ES DE JOGADORES!<\/strong>\u00a0Pilote na\u00a0<strong>Temporada 3<\/strong>\u00a0e prepare-se para uma veloz corrida contra o tempo pelos\u00a0<strong>EUA<\/strong>. Com acesso a conte\u00fado gr\u00e1tis, novos modos de jogo, novos ve\u00edculos, eventos e mais a cada dois meses, sua viagem ser\u00e1 inesquec\u00edvel.<\/p>\n<p>Enfrente o cen\u00e1rio dos esportes automotivos americanos enquanto explora os\u00a0<strong>EUA<\/strong>\u00a0em um dos mundos abertos mais emocionantes j\u00e1 criados. Com uma grande variedade de ve\u00edculos para escolher, experimente a divers\u00e3o e a emo\u00e7\u00e3o de competir pelos\u00a0<strong>EUA<\/strong>, testando suas habilidades em v\u00e1rias disciplinas. Grave todos os momentos de acelerar o cora\u00e7\u00e3o e compartilhe-os com um \u00fanico bot\u00e3o \u2013 a fama j\u00e1 \u00e9 sua! Jogue com at\u00e9 7 amigos online.<\/p>\n","protected":false},"excerpt":{"rendered":"<p><strong>JUNTE-SE A UMA COMUNIDADE DE 30 MILH\u00d5ES DE JOGADORES!<\/strong>\u00a0Pilote na\u00a0<strong>Temporada 3<\/strong>\u00a0e prepare-se para uma veloz corrida contra o tempo pelos\u00a0<strong>EUA<\/strong>. Com acesso a conte\u00fado gr\u00e1tis, novos modos de jogo, novos ve\u00edculos, eventos e mais a cada dois meses, sua viagem ser\u00e1 inesquec\u00edvel.<\/p>\n","protected":false},"featured_media":3106,"comment_status":"open","ping_status":"closed","template":"","meta":{"nf_dc_page":""},"product_brand":[],"product_cat":[28],"product_tag":[],"class_list":{"0":"post-3102","1":"product","2":"type-product","3":"status-publish","4":"has-post-thumbnail","6":"product_cat-corridas-voo","8":"first","9":"instock","10":"featured","11":"shipping-taxable","12":"purchasable","13":"product-type-variable","14":"has-default-attributes"},"_links":{"self":[{"href":"https:\/\/xboxgames.com.br\/loja\/wp-json\/wp\/v2\/product\/3102","targetHints":{"allow":["GET"]}}],"collection":[{"href":"https:\/\/xboxgames.com.br\/loja\/wp-json\/wp\/v2\/product"}],"about":[{"href":"https:\/\/xboxgames.com.br\/loja\/wp-json\/wp\/v2\/types\/product"}],"replies":[{"embeddable":true,"href":"https:\/\/xboxgames.com.br\/loja\/wp-json\/wp\/v2\/comments?post=3102"}],"version-history":[{"count":1,"href":"https:\/\/xboxgames.com.br\/loja\/wp-json\/wp\/v2\/product\/3102\/revisions"}],"predecessor-version":[{"id":3107,"href":"https:\/\/xboxgames.com.br\/loja\/wp-json\/wp\/v2\/product\/3102\/revisions\/3107"}],"wp:featuredmedia":[{"embeddable":true,"href":"https:\/\/xboxgames.com.br\/loja\/wp-json\/wp\/v2\/media\/3106"}],"wp:attachment":[{"href":"https:\/\/xboxgames.com.br\/loja\/wp-json\/wp\/v2\/media?parent=3102"}],"wp:term":[{"taxonomy":"product_brand","embeddable":true,"href":"https:\/\/xboxgames.com.br\/loja\/wp-json\/wp\/v2\/product_brand?post=3102"},{"taxonomy":"product_cat","embeddable":true,"href":"https:\/\/xboxgames.com.br\/loja\/wp-json\/wp\/v2\/product_cat?post=3102"},{"taxonomy":"product_tag","embeddable":true,"href":"https:\/\/xboxgames.com.br\/loja\/wp-json\/wp\/v2\/product_tag?post=3102"}],"curies":[{"name":"wp","href":"https:\/\/api.w.org\/{rel}","templated":true}]}}