{"id":3090,"date":"2025-02-03T10:05:37","date_gmt":"2025-02-03T13:05:37","guid":{"rendered":"https:\/\/xboxgames.com.br\/loja\/?post_type=product&#038;p=3090"},"modified":"2025-02-03T10:10:20","modified_gmt":"2025-02-03T13:10:20","slug":"battlefield-4-premium-edition","status":"publish","type":"product","link":"https:\/\/xboxgames.com.br\/loja\/produto\/battlefield-4-premium-edition\/","title":{"rendered":"Battlefield 4 : Premium Edition"},"content":{"rendered":"<p>Jogue mais com\u00a0<strong>Battlefield 4 Premium Edition<\/strong>! Esta \u00e9 a experi\u00eancia definitiva de<strong>\u00a0Battlefield 4<\/strong>\u00a0que oferece um modo multijogador entre equipes sem igual, ambientes destrut\u00edveis din\u00e2micos e combate \u00e9pico entre ve\u00edculos.\u00a0<strong>Battlefield 4 Premium Edition<\/strong>\u00a0\u00e9 a cole\u00e7\u00e3o definitiva de guerra, incluindo o jogo\u00a0<strong>Battlefield 4<\/strong>\u00a0e a a<strong>ssinatura Pr\u00eamium de Battlefield 4<\/strong>, que d\u00e1 acesso a cinco pacotes de expans\u00e3o digitais com muito conte\u00fado novo para o multijogador, incluindo 20 novos mapas, novos modos de jogo e v\u00e1rias armas e ve\u00edculos novos. A cole\u00e7\u00e3o adiciona ainda mais diversidade, participe de uma a\u00e7\u00e3o dram\u00e1tica anf\u00edbia em\u00a0<strong>Naval Strike<\/strong>, de batalhas nos mapas majestosos de\u00a0<strong>China Rising<\/strong>, de um combate urbano de infantaria em\u00a0<strong>Dragon\u2019s Teeth<\/strong>\u00a0e de uma guerra de alta tecnologia experimental na paisagem \u00e1rtica de\u00a0<strong>Final Stand<\/strong>. Al\u00e9m disso, jogue em quatro mapas de\u00a0<strong>Battlefield<\/strong>\u00a0<strong>3<\/strong>\u00a0recriados em<strong>\u00a0Second Assault<\/strong>.<\/p>\n","protected":false},"excerpt":{"rendered":"<p>Jogue mais com\u00a0<strong>Battlefield 4 Premium Edition<\/strong>! Esta \u00e9 a experi\u00eancia definitiva de<strong>\u00a0Battlefield 4<\/strong>\u00a0que oferece um modo multijogador entre equipes sem igual, ambientes destrut\u00edveis din\u00e2micos e combate \u00e9pico entre ve\u00edculos.\u00a0<strong>Battlefield 4 Premium Edition<\/strong>\u00a0\u00e9 a cole\u00e7\u00e3o definitiva de guerra, incluindo o jogo\u00a0<strong>Battlefield 4<\/strong>\u00a0e a a<strong>ssinatura Pr\u00eamium de Battlefield 4<\/strong>, que d\u00e1 acesso a cinco pacotes de expans\u00e3o digitais com muito conte\u00fado novo para o multijogador, incluindo 20 novos mapas, novos modos de jogo e v\u00e1rias armas e ve\u00edculos novos.<\/p>\n","protected":false},"featured_media":3094,"comment_status":"open","ping_status":"closed","template":"","meta":{"nf_dc_page":""},"product_brand":[],"product_cat":[52],"product_tag":[],"class_list":{"0":"post-3090","1":"product","2":"type-product","3":"status-publish","4":"has-post-thumbnail","6":"product_cat-jogos-de-tiros","8":"first","9":"instock","10":"featured","11":"shipping-taxable","12":"purchasable","13":"product-type-variable","14":"has-default-attributes"},"_links":{"self":[{"href":"https:\/\/xboxgames.com.br\/loja\/wp-json\/wp\/v2\/product\/3090","targetHints":{"allow":["GET"]}}],"collection":[{"href":"https:\/\/xboxgames.com.br\/loja\/wp-json\/wp\/v2\/product"}],"about":[{"href":"https:\/\/xboxgames.com.br\/loja\/wp-json\/wp\/v2\/types\/product"}],"replies":[{"embeddable":true,"href":"https:\/\/xboxgames.com.br\/loja\/wp-json\/wp\/v2\/comments?post=3090"}],"version-history":[{"count":1,"href":"https:\/\/xboxgames.com.br\/loja\/wp-json\/wp\/v2\/product\/3090\/revisions"}],"predecessor-version":[{"id":3095,"href":"https:\/\/xboxgames.com.br\/loja\/wp-json\/wp\/v2\/product\/3090\/revisions\/3095"}],"wp:featuredmedia":[{"embeddable":true,"href":"https:\/\/xboxgames.com.br\/loja\/wp-json\/wp\/v2\/media\/3094"}],"wp:attachment":[{"href":"https:\/\/xboxgames.com.br\/loja\/wp-json\/wp\/v2\/media?parent=3090"}],"wp:term":[{"taxonomy":"product_brand","embeddable":true,"href":"https:\/\/xboxgames.com.br\/loja\/wp-json\/wp\/v2\/product_brand?post=3090"},{"taxonomy":"product_cat","embeddable":true,"href":"https:\/\/xboxgames.com.br\/loja\/wp-json\/wp\/v2\/product_cat?post=3090"},{"taxonomy":"product_tag","embeddable":true,"href":"https:\/\/xboxgames.com.br\/loja\/wp-json\/wp\/v2\/product_tag?post=3090"}],"curies":[{"name":"wp","href":"https:\/\/api.w.org\/{rel}","templated":true}]}}