{"id":3084,"date":"2025-02-02T19:36:37","date_gmt":"2025-02-02T22:36:37","guid":{"rendered":"https:\/\/xboxgames.com.br\/loja\/?post_type=product&#038;p=3084"},"modified":"2025-02-02T19:42:28","modified_gmt":"2025-02-02T22:42:28","slug":"sleeping-dogs-definitive-edition","status":"publish","type":"product","link":"https:\/\/xboxgames.com.br\/loja\/produto\/sleeping-dogs-definitive-edition\/","title":{"rendered":"Sleeping Dogs&#x2122; Definitive Edition"},"content":{"rendered":"<p>A Definitive Edition deste aclamado e galardoado jogo de a\u00e7\u00e3o e aventura em mundo aberto foi reformulada, reconstru\u00edda e remasterizada para a Xbox One. As 24 extens\u00f5es anteriores de conte\u00fado transfer\u00edvel dispon\u00edveis na vers\u00e3o Xbox 360 foram integradas no jogo, incluindo o epis\u00f3dio Year of the Snake, que serviu de prolongamento \u00e0 hist\u00f3ria, e Nightmare in North Point, com tem\u00e1tica de horror. Com a ajuda de v\u00e1rios melhoramentos tecnol\u00f3gicos e audiovisuais, Hong Kong nunca pareceu t\u00e3o viva. Hong Kong \u00e9 uma cidade din\u00e2mica iluminada a n\u00e9on e repleta de vida cujas localiza\u00e7\u00f5es ex\u00f3ticas e ruas e mercados lotados escondem uma das organiza\u00e7\u00f5es criminosas mais influentes e perigosas do mundo: as infames Tr\u00edades. Joga com Wei Shen, um pol\u00edcia talentoso que se infiltra nas Tr\u00edades para as tentar derrubar a partir do seu interior. Ter\u00e1s de provar o teu valor enquanto sobes na hierarquia da organiza\u00e7\u00e3o e participas em atividades criminosas brutais para manteres o teu disfarce. Destr\u00f3i os teus advers\u00e1rios com combates corpo a corpo brutais dando uso a um sistema de artes marciais sem rival. Acelera pelas ruas barulhentas de Hong Kong em emocionantes corridas ilegais e provoca o caos com armas de fogo e explosivos. A Hong Kong de Sleeping Dogs \u00e9 um mundo de divers\u00e3o \u00e0 tua espera. Quando est\u00e1s infiltrado, as regras s\u00e3o diferentes.<\/p>\n","protected":false},"excerpt":{"rendered":"<p>A Definitive Edition deste aclamado e galardoado jogo de a\u00e7\u00e3o e aventura em mundo aberto foi reformulada, reconstru\u00edda e remasterizada para a Xbox One. As 24 extens\u00f5es anteriores de conte\u00fado transfer\u00edvel dispon\u00edveis na vers\u00e3o Xbox 360 foram integradas no jogo, incluindo o epis\u00f3dio Year of the Snake, que serviu de prolongamento \u00e0 hist\u00f3ria, e Nightmare in North Point, com tem\u00e1tica de horror<\/p>\n","protected":false},"featured_media":3088,"comment_status":"open","ping_status":"closed","template":"","meta":{"nf_dc_page":""},"product_brand":[],"product_cat":[22],"product_tag":[],"class_list":{"0":"post-3084","1":"product","2":"type-product","3":"status-publish","4":"has-post-thumbnail","6":"product_cat-acao-aventura","8":"first","9":"instock","10":"featured","11":"shipping-taxable","12":"purchasable","13":"product-type-variable","14":"has-default-attributes"},"_links":{"self":[{"href":"https:\/\/xboxgames.com.br\/loja\/wp-json\/wp\/v2\/product\/3084","targetHints":{"allow":["GET"]}}],"collection":[{"href":"https:\/\/xboxgames.com.br\/loja\/wp-json\/wp\/v2\/product"}],"about":[{"href":"https:\/\/xboxgames.com.br\/loja\/wp-json\/wp\/v2\/types\/product"}],"replies":[{"embeddable":true,"href":"https:\/\/xboxgames.com.br\/loja\/wp-json\/wp\/v2\/comments?post=3084"}],"version-history":[{"count":1,"href":"https:\/\/xboxgames.com.br\/loja\/wp-json\/wp\/v2\/product\/3084\/revisions"}],"predecessor-version":[{"id":3089,"href":"https:\/\/xboxgames.com.br\/loja\/wp-json\/wp\/v2\/product\/3084\/revisions\/3089"}],"wp:featuredmedia":[{"embeddable":true,"href":"https:\/\/xboxgames.com.br\/loja\/wp-json\/wp\/v2\/media\/3088"}],"wp:attachment":[{"href":"https:\/\/xboxgames.com.br\/loja\/wp-json\/wp\/v2\/media?parent=3084"}],"wp:term":[{"taxonomy":"product_brand","embeddable":true,"href":"https:\/\/xboxgames.com.br\/loja\/wp-json\/wp\/v2\/product_brand?post=3084"},{"taxonomy":"product_cat","embeddable":true,"href":"https:\/\/xboxgames.com.br\/loja\/wp-json\/wp\/v2\/product_cat?post=3084"},{"taxonomy":"product_tag","embeddable":true,"href":"https:\/\/xboxgames.com.br\/loja\/wp-json\/wp\/v2\/product_tag?post=3084"}],"curies":[{"name":"wp","href":"https:\/\/api.w.org\/{rel}","templated":true}]}}