{"id":3076,"date":"2025-01-31T18:30:36","date_gmt":"2025-01-31T21:30:36","guid":{"rendered":"https:\/\/xboxgames.com.br\/loja\/?post_type=product&#038;p=3076"},"modified":"2025-01-31T18:59:06","modified_gmt":"2025-01-31T21:59:06","slug":"assetto-corsa-ultimate-edition","status":"publish","type":"product","link":"https:\/\/xboxgames.com.br\/loja\/produto\/assetto-corsa-ultimate-edition\/","title":{"rendered":"Assetto Corsa Ultimate Edition"},"content":{"rendered":"<p>Esta \u00e9 a vers\u00e3o mais completa do aclamado simulador de corridas, com todos os 8 DLCs e atualiza\u00e7\u00f5es j\u00e1 realizadas para o jogo (Pacote de Prest\u00edgio, Pacotes Porsche 1,2 e 3, Pacote Vermelho, Preparado para Correr, Pacote Japon\u00eas e os DLCs de 70 anos de anivers\u00e1rio da Ferrari). S\u00e3o 178 ve\u00edculos meticulosamente detalhados com manobras e desempenhos baseados em dados reais e telemetria, al\u00e9m de 16 circuitos lend\u00e1rios (incluindo Spa Fracorchamps, N\u00fcrburgring-Nordschleife, Laguna Seca e muitos outros) com 33 configura\u00e7\u00f5es de pista diferentes, recriadas atrav\u00e9s de leitura a laser para obter a maior precis\u00e3o poss\u00edvel. Experimente todos os modos de corrida jogando s\u00f3 ou participe de competi\u00e7\u00f5es contra amigos no modo multijogador. Personalize a experi\u00eancia de dire\u00e7\u00e3o ajustando o manuseio e as configura\u00e7\u00f5es de corrida para escolher o melhor m\u00e9todo de pilotagem pessoal. Com f\u00edsica avan\u00e7ada que inclui fun\u00e7\u00f5es e aspectos de carros reais, esta edi\u00e7\u00e3o oferece um n\u00edvel de realismo nunca antes visto.<\/p>\n","protected":false},"excerpt":{"rendered":"<p>Esta \u00e9 a vers\u00e3o mais completa do aclamado simulador de corridas, com todos os 8 DLCs e atualiza\u00e7\u00f5es j\u00e1 realizadas para o jogo (Pacote de Prest\u00edgio, Pacotes Porsche 1,2 e 3, Pacote Vermelho, Preparado para Correr, Pacote Japon\u00eas e os DLCs de 70 anos de anivers\u00e1rio da Ferrari).<\/p>\n","protected":false},"featured_media":3080,"comment_status":"open","ping_status":"closed","template":"","meta":{"nf_dc_page":""},"product_brand":[],"product_cat":[28],"product_tag":[],"class_list":{"0":"post-3076","1":"product","2":"type-product","3":"status-publish","4":"has-post-thumbnail","6":"product_cat-corridas-voo","8":"first","9":"instock","10":"featured","11":"shipping-taxable","12":"purchasable","13":"product-type-variable","14":"has-default-attributes"},"_links":{"self":[{"href":"https:\/\/xboxgames.com.br\/loja\/wp-json\/wp\/v2\/product\/3076","targetHints":{"allow":["GET"]}}],"collection":[{"href":"https:\/\/xboxgames.com.br\/loja\/wp-json\/wp\/v2\/product"}],"about":[{"href":"https:\/\/xboxgames.com.br\/loja\/wp-json\/wp\/v2\/types\/product"}],"replies":[{"embeddable":true,"href":"https:\/\/xboxgames.com.br\/loja\/wp-json\/wp\/v2\/comments?post=3076"}],"version-history":[{"count":1,"href":"https:\/\/xboxgames.com.br\/loja\/wp-json\/wp\/v2\/product\/3076\/revisions"}],"predecessor-version":[{"id":3081,"href":"https:\/\/xboxgames.com.br\/loja\/wp-json\/wp\/v2\/product\/3076\/revisions\/3081"}],"wp:featuredmedia":[{"embeddable":true,"href":"https:\/\/xboxgames.com.br\/loja\/wp-json\/wp\/v2\/media\/3080"}],"wp:attachment":[{"href":"https:\/\/xboxgames.com.br\/loja\/wp-json\/wp\/v2\/media?parent=3076"}],"wp:term":[{"taxonomy":"product_brand","embeddable":true,"href":"https:\/\/xboxgames.com.br\/loja\/wp-json\/wp\/v2\/product_brand?post=3076"},{"taxonomy":"product_cat","embeddable":true,"href":"https:\/\/xboxgames.com.br\/loja\/wp-json\/wp\/v2\/product_cat?post=3076"},{"taxonomy":"product_tag","embeddable":true,"href":"https:\/\/xboxgames.com.br\/loja\/wp-json\/wp\/v2\/product_tag?post=3076"}],"curies":[{"name":"wp","href":"https:\/\/api.w.org\/{rel}","templated":true}]}}