{"id":3068,"date":"2025-01-31T17:34:42","date_gmt":"2025-01-31T20:34:42","guid":{"rendered":"https:\/\/xboxgames.com.br\/loja\/?post_type=product&#038;p=3068"},"modified":"2025-01-31T18:05:05","modified_gmt":"2025-01-31T21:05:05","slug":"rise-of-the-tomb-raider-aniversario-de-20-anos","status":"publish","type":"product","link":"https:\/\/xboxgames.com.br\/loja\/produto\/rise-of-the-tomb-raider-aniversario-de-20-anos\/","title":{"rendered":"Rise of the Tomb Raider: anivers\u00e1rio de 20 anos"},"content":{"rendered":"<p>Rise of the Tomb Raider: 20 Year Celebration inclui o aclamado Rise of the Tomb Raider, indicado para mais de 100 pr\u00eamios. Lara Croft \u00e9 mais do que uma sobrevivente em sua primeira expedi\u00e7\u00e3o como ca\u00e7adora de tumbas, rumo \u00e0s remotas regi\u00f5es da Sib\u00e9ria, em busca do segredo da imortalidade. Jogadores de Xbox One X podem escolher entre tr\u00eas modos visuais, incluindo 4K nativo para maior fidelidade de resolu\u00e7\u00e3o, efeitos visuais melhorados para bel\u00edssimos aprimoramentos gr\u00e1ficos e alta taxa de quadros para a jogabilidade mais suave poss\u00edvel. Aprimoramentos t\u00e9cnicos adicionais para Xbox One X incluem suporte a exibi\u00e7\u00e3o HDR, para uma representa\u00e7\u00e3o de cores mais vibrante e precisa, suporte para \u00e1udio espacial, incluindo Dolby Atmos\u00ae para um verdadeiro \u00e1udio 3D, resolu\u00e7\u00e3o aprimorada de texturas e suaviza\u00e7\u00e3o de bordas aprimorada para detalhes ainda mais imersivos e realistas. Aprimoramentos visuais adicionais incluem luzes volum\u00e9tricas e reflexos aprimorados, folhagem aprimorada, detalhes poligonais melhorados e filtro de texturas amplificado. Rise of the Tomb Raider: 20 Year Celebration inclui o novo conte\u00fado adicional &#8220;La\u00e7os de Sangue&#8221;, novo suporte cooperativo para o modo Endurance, op\u00e7\u00e3o de dificuldade &#8220;Sobrevivente Implac\u00e1vel&#8221; para a campanha principal, traje e arma da edi\u00e7\u00e3o 20 Year Celebration e 5 skins cl\u00e1ssicas para Lara. Inclui tamb\u00e9m todos os conte\u00fados para baixar j\u00e1 lan\u00e7ados como Baba Yaga: O Templo da Bruxa, Modo de Resist\u00eancia, Escurid\u00e3o Fria Despertada, 12 roupas, 7 armas e 35 cartas de expedi\u00e7\u00e3o. Com mais de 50 horas de jogo, testa \u00e9 a vers\u00e3o mais completa da premiada experi\u00eancia.<\/p>\n","protected":false},"excerpt":{"rendered":"<p>Rise of the Tomb Raider: 20 Year Celebration inclui o aclamado Rise of the Tomb Raider, indicado para mais de 100 pr\u00eamios. Lara Croft \u00e9 mais do que uma sobrevivente em sua primeira expedi\u00e7\u00e3o como ca\u00e7adora de tumbas, rumo \u00e0s remotas regi\u00f5es da Sib\u00e9ria, em busca do segredo da imortalidade.<\/p>\n","protected":false},"featured_media":3072,"comment_status":"open","ping_status":"closed","template":"","meta":{"nf_dc_page":""},"product_brand":[],"product_cat":[22],"product_tag":[],"class_list":{"0":"post-3068","1":"product","2":"type-product","3":"status-publish","4":"has-post-thumbnail","6":"product_cat-acao-aventura","8":"first","9":"instock","10":"featured","11":"shipping-taxable","12":"purchasable","13":"product-type-variable","14":"has-default-attributes"},"_links":{"self":[{"href":"https:\/\/xboxgames.com.br\/loja\/wp-json\/wp\/v2\/product\/3068","targetHints":{"allow":["GET"]}}],"collection":[{"href":"https:\/\/xboxgames.com.br\/loja\/wp-json\/wp\/v2\/product"}],"about":[{"href":"https:\/\/xboxgames.com.br\/loja\/wp-json\/wp\/v2\/types\/product"}],"replies":[{"embeddable":true,"href":"https:\/\/xboxgames.com.br\/loja\/wp-json\/wp\/v2\/comments?post=3068"}],"version-history":[{"count":3,"href":"https:\/\/xboxgames.com.br\/loja\/wp-json\/wp\/v2\/product\/3068\/revisions"}],"predecessor-version":[{"id":3075,"href":"https:\/\/xboxgames.com.br\/loja\/wp-json\/wp\/v2\/product\/3068\/revisions\/3075"}],"wp:featuredmedia":[{"embeddable":true,"href":"https:\/\/xboxgames.com.br\/loja\/wp-json\/wp\/v2\/media\/3072"}],"wp:attachment":[{"href":"https:\/\/xboxgames.com.br\/loja\/wp-json\/wp\/v2\/media?parent=3068"}],"wp:term":[{"taxonomy":"product_brand","embeddable":true,"href":"https:\/\/xboxgames.com.br\/loja\/wp-json\/wp\/v2\/product_brand?post=3068"},{"taxonomy":"product_cat","embeddable":true,"href":"https:\/\/xboxgames.com.br\/loja\/wp-json\/wp\/v2\/product_cat?post=3068"},{"taxonomy":"product_tag","embeddable":true,"href":"https:\/\/xboxgames.com.br\/loja\/wp-json\/wp\/v2\/product_tag?post=3068"}],"curies":[{"name":"wp","href":"https:\/\/api.w.org\/{rel}","templated":true}]}}