{"id":3056,"date":"2025-01-31T12:29:42","date_gmt":"2025-01-31T15:29:42","guid":{"rendered":"https:\/\/xboxgames.com.br\/loja\/?post_type=product&#038;p=3056"},"modified":"2025-01-31T12:34:10","modified_gmt":"2025-01-31T15:34:10","slug":"back-4-blood-standard-edition","status":"publish","type":"product","link":"https:\/\/xboxgames.com.br\/loja\/produto\/back-4-blood-standard-edition\/","title":{"rendered":"Back 4 Blood: Standard Edition"},"content":{"rendered":"<p><strong>Back 4 Blood<\/strong>\u00a0\u00e9 um jogo de tiro em primeira pessoa dos criadores da franquia aclamada pela cr\u00edtica<strong>\u00a0Left 4 Dead.<\/strong>\u00a0Voc\u00ea est\u00e1 no centro de uma guerra contra os contagiados. Esses humanos portadores de um parasita mortal se transformaram em criaturas assustadoras inclinadas a devorar os restos da civiliza\u00e7\u00e3o. Com a extin\u00e7\u00e3o da humanidade em jogo, cabe a voc\u00ea e seus amigos enfrentar esse inimigo, erradicar os corrompidos e reconquistar o mundo.<\/p>\n<p><strong>Campanha cooperativa<br \/>\n<\/strong>Lute atrav\u00e9s de uma campanha de hist\u00f3ria de 4 jogadores din\u00e2mica, onde voc\u00ea deve trabalhar em equipe para sobreviver \u00e0s miss\u00f5es cada vez mais desafiadoras. Jogue com at\u00e9 3 amigos online ou sozinho, e lidere sua equipe na batalha.<\/p>\n<p>Escolha entre 8 sentinelas, um dos sobreviventes imunes, e diversas armas e itens letais. Crie estrat\u00e9gias contra um inimigo em constante evolu\u00e7\u00e3o que busca a sua destrui\u00e7\u00e3o.<\/p>\n<p><strong>Multiplayer competitivo<br \/>\n<\/strong>Jogue acompanhado ou contra amigos em PvP. Torne-se um sentinela com habilidades especiais ou troque de lado e jogue como um horrendo contagiado. Ambos os lados v\u00eam com armas, habilidades e especialidades \u00fanicas.<\/p>\n<p><strong>Jogabilidade extrema<br \/>\n<\/strong>Um novo sistema de cartas \u201crebeldes\u201d gera experi\u00eancias diferentes todas as vezes, colocando voc\u00ea em controle para criar baralhos persoalizados, criar jogadas diferentes e enfrentar combates mais desafiadores.<\/p>\n<p>O Diretor do Jogo est\u00e1 ajustando constantemente as a\u00e7\u00f5es dos jogadores, garantindo lutas divertidas, diversidade de jogabilidade extrema e legi\u00f5es de contagiados mais desafiadoras \u2013 incluindo chefes mutantes de mais de 6 metros de altura.<\/p>\n<p>&nbsp;<\/p>\n","protected":false},"excerpt":{"rendered":"<p><strong>Back 4 Blood<\/strong>\u00a0\u00e9 um jogo de tiro em primeira pessoa dos criadores da franquia aclamada pela cr\u00edtica<strong>\u00a0Left 4 Dead.<\/strong>\u00a0Voc\u00ea est\u00e1 no centro de uma guerra contra os contagiados. Esses humanos portadores de um parasita mortal se transformaram em criaturas assustadoras inclinadas a devorar os restos da civiliza\u00e7\u00e3o. Com a extin\u00e7\u00e3o da humanidade em jogo, cabe a voc\u00ea e seus amigos enfrentar esse inimigo, erradicar os corrompidos e reconquistar o mundo.<\/p>\n","protected":false},"featured_media":3060,"comment_status":"open","ping_status":"closed","template":"","meta":{"nf_dc_page":""},"product_brand":[],"product_cat":[52],"product_tag":[],"class_list":{"0":"post-3056","1":"product","2":"type-product","3":"status-publish","4":"has-post-thumbnail","6":"product_cat-jogos-de-tiros","8":"first","9":"instock","10":"featured","11":"shipping-taxable","12":"purchasable","13":"product-type-variable","14":"has-default-attributes"},"_links":{"self":[{"href":"https:\/\/xboxgames.com.br\/loja\/wp-json\/wp\/v2\/product\/3056","targetHints":{"allow":["GET"]}}],"collection":[{"href":"https:\/\/xboxgames.com.br\/loja\/wp-json\/wp\/v2\/product"}],"about":[{"href":"https:\/\/xboxgames.com.br\/loja\/wp-json\/wp\/v2\/types\/product"}],"replies":[{"embeddable":true,"href":"https:\/\/xboxgames.com.br\/loja\/wp-json\/wp\/v2\/comments?post=3056"}],"version-history":[{"count":1,"href":"https:\/\/xboxgames.com.br\/loja\/wp-json\/wp\/v2\/product\/3056\/revisions"}],"predecessor-version":[{"id":3061,"href":"https:\/\/xboxgames.com.br\/loja\/wp-json\/wp\/v2\/product\/3056\/revisions\/3061"}],"wp:featuredmedia":[{"embeddable":true,"href":"https:\/\/xboxgames.com.br\/loja\/wp-json\/wp\/v2\/media\/3060"}],"wp:attachment":[{"href":"https:\/\/xboxgames.com.br\/loja\/wp-json\/wp\/v2\/media?parent=3056"}],"wp:term":[{"taxonomy":"product_brand","embeddable":true,"href":"https:\/\/xboxgames.com.br\/loja\/wp-json\/wp\/v2\/product_brand?post=3056"},{"taxonomy":"product_cat","embeddable":true,"href":"https:\/\/xboxgames.com.br\/loja\/wp-json\/wp\/v2\/product_cat?post=3056"},{"taxonomy":"product_tag","embeddable":true,"href":"https:\/\/xboxgames.com.br\/loja\/wp-json\/wp\/v2\/product_tag?post=3056"}],"curies":[{"name":"wp","href":"https:\/\/api.w.org\/{rel}","templated":true}]}}