{"id":3049,"date":"2025-01-31T12:12:54","date_gmt":"2025-01-31T15:12:54","guid":{"rendered":"https:\/\/xboxgames.com.br\/loja\/?post_type=product&#038;p=3049"},"modified":"2025-01-31T12:17:17","modified_gmt":"2025-01-31T15:17:17","slug":"mortal-kombat-11-ultimate","status":"publish","type":"product","link":"https:\/\/xboxgames.com.br\/loja\/produto\/mortal-kombat-11-ultimate\/","title":{"rendered":"Mortal Kombat 11 Ultimate"},"content":{"rendered":"<p>A experi\u00eancia\u00a0<strong>MK11<\/strong>\u00a0definitiva! Assuma o controle dos protetores do\u00a0<strong>Plano Terreno<\/strong>\u00a0em DUAS aclamadas\u00a0<strong>Campanhas do Modo Hist\u00f3ria<\/strong>, enquanto eles tentam impedir\u00a0<strong>Kronika<\/strong>\u00a0de voltar o tempo e reiniciar a hist\u00f3ria. Amizades s\u00e3o postas \u00e0 prova e novas alian\u00e7as s\u00e3o criadas na batalha para salvar toda a exist\u00eancia.\u00a0<strong>MK11<\/strong>\u00a0<strong>Ultimate<\/strong>\u00a0cont\u00e9m todos os\u00a0<strong>37 lutadores<\/strong>, incluindo as novas adi\u00e7\u00f5es:\u00a0<strong>Rain<\/strong>,\u00a0<strong>Mileena<\/strong>\u00a0&amp;\u00a0<strong>Rambo<\/strong>.<\/p>\n<p><strong>Mortal Kombat 11<\/strong>\u00a0apresenta todos os divertidos\u00a0<strong>friendships<\/strong>, os sangrentos\u00a0<strong>fatalities<\/strong>\u00a0e os destruidores\u00a0<strong>fatal blows<\/strong>\u00a0como nunca antes. Voc\u00ea ficar\u00e1 t\u00e3o perto da luta que voc\u00ea poder\u00e1 senti-la!<\/p>\n<p>&nbsp;<\/p>\n<p>Inclui\u00a0<strong>Mortal Kombat 11<\/strong>,\u00a0<strong>Pacote de Kombate 1<\/strong>,\u00a0<strong>Expans\u00e3o Aftermath &amp; Pacote de Kombate 2<\/strong>.<\/p>\n<ul>\n<li>Experiencie 2 Modos de Campanha aclamados de\u00a0<strong>MK11<\/strong>\u00a0<strong>&amp; MK11<\/strong>:\u00a0<strong>Aftermath<\/strong><\/li>\n<li>Jogue com todo o elenco de\u00a0<strong>37 personagens<\/strong>, incluindo os rec\u00e9m-adicionados\u00a0<strong>Mileena<\/strong>,\u00a0<strong>Rain<\/strong>\u00a0&amp;\u00a0<strong>Rambo<\/strong><\/li>\n<li>Milhares de skins, armas e equipamentos com um inimagin\u00e1vel n\u00edvel de customiza\u00e7\u00e3o de personagem<\/li>\n<li>Inclui todos os antigos lutadores convidados: O\u00a0<strong>Exterminador<\/strong>, o\u00a0<strong>Coringa<\/strong>,\u00a0<strong>Spawn<\/strong>\u00a0e\u00a0<strong>RoboCop<\/strong><\/li>\n<li>Todos os modos, incluindo\u00a0<strong>Torres<\/strong>\u00a0<strong>do Tempo<\/strong>,\u00a0<strong>Kripta<\/strong>,\u00a0<strong>Tutorial<\/strong>,\u00a0<strong>Online<\/strong>,\u00a0<strong>Torres Kl\u00e1ssicas<\/strong>\u00a0e mais<\/li>\n<li>Todas as fases,\u00a0<strong>Fatalities<\/strong>\u00a0<strong>de fase<\/strong>,\u00a0<strong>Brutalities<\/strong>,\u00a0<strong>Fatalities<\/strong>\u00a0<strong>ic\u00f4nicos<\/strong>\u00a0&amp;\u00a0<strong>Friendships<\/strong><\/li>\n<\/ul>\n<p>&nbsp;<\/p>\n<p><strong>MK11 Ultimate<\/strong>\u00a0possui\u00a0<strong>Smart<\/strong>\u00a0<strong>Delivery<\/strong>\u00a0e atualiza\u00e7\u00f5es\u00a0<strong>GRATUITAS<\/strong>\u00a0no\u00a0<strong>Xbox Series X<\/strong>:<\/p>\n<ul>\n<li>Resolu\u00e7\u00e3o 4K Din\u00e2mica<\/li>\n<li>Efeitos Visuais Aprimorados<\/li>\n<li>Tempos de Carregamento Aprimorados<\/li>\n<li>Compatibilidade de Plataformas e Gera\u00e7\u00f5es<\/li>\n<\/ul>\n","protected":false},"excerpt":{"rendered":"<p>A experi\u00eancia\u00a0<strong>MK11<\/strong>\u00a0definitiva! Assuma o controle dos protetores do\u00a0<strong>Plano Terreno<\/strong>\u00a0em DUAS aclamadas\u00a0<strong>Campanhas do Modo Hist\u00f3ria<\/strong>, enquanto eles tentam impedir\u00a0<strong>Kronika<\/strong>\u00a0de voltar o tempo e reiniciar a hist\u00f3ria. Amizades s\u00e3o postas \u00e0 prova e novas alian\u00e7as s\u00e3o criadas na batalha para salvar toda a exist\u00eancia.\u00a0<strong>MK11<\/strong>\u00a0<strong>Ultimate<\/strong>\u00a0cont\u00e9m todos os\u00a0<strong>37 lutadores<\/strong>, incluindo as novas adi\u00e7\u00f5es:\u00a0<strong>Rain<\/strong>,\u00a0<strong>Mileena<\/strong>\u00a0&amp;\u00a0<strong>Rambo<\/strong>.<\/p>\n","protected":false},"featured_media":3053,"comment_status":"open","ping_status":"closed","template":"","meta":{"nf_dc_page":""},"product_brand":[],"product_cat":[53],"product_tag":[],"class_list":{"0":"post-3049","1":"product","2":"type-product","3":"status-publish","4":"has-post-thumbnail","6":"product_cat-luta","8":"first","9":"instock","10":"featured","11":"shipping-taxable","12":"purchasable","13":"product-type-variable","14":"has-default-attributes"},"_links":{"self":[{"href":"https:\/\/xboxgames.com.br\/loja\/wp-json\/wp\/v2\/product\/3049","targetHints":{"allow":["GET"]}}],"collection":[{"href":"https:\/\/xboxgames.com.br\/loja\/wp-json\/wp\/v2\/product"}],"about":[{"href":"https:\/\/xboxgames.com.br\/loja\/wp-json\/wp\/v2\/types\/product"}],"replies":[{"embeddable":true,"href":"https:\/\/xboxgames.com.br\/loja\/wp-json\/wp\/v2\/comments?post=3049"}],"version-history":[{"count":1,"href":"https:\/\/xboxgames.com.br\/loja\/wp-json\/wp\/v2\/product\/3049\/revisions"}],"predecessor-version":[{"id":3054,"href":"https:\/\/xboxgames.com.br\/loja\/wp-json\/wp\/v2\/product\/3049\/revisions\/3054"}],"wp:featuredmedia":[{"embeddable":true,"href":"https:\/\/xboxgames.com.br\/loja\/wp-json\/wp\/v2\/media\/3053"}],"wp:attachment":[{"href":"https:\/\/xboxgames.com.br\/loja\/wp-json\/wp\/v2\/media?parent=3049"}],"wp:term":[{"taxonomy":"product_brand","embeddable":true,"href":"https:\/\/xboxgames.com.br\/loja\/wp-json\/wp\/v2\/product_brand?post=3049"},{"taxonomy":"product_cat","embeddable":true,"href":"https:\/\/xboxgames.com.br\/loja\/wp-json\/wp\/v2\/product_cat?post=3049"},{"taxonomy":"product_tag","embeddable":true,"href":"https:\/\/xboxgames.com.br\/loja\/wp-json\/wp\/v2\/product_tag?post=3049"}],"curies":[{"name":"wp","href":"https:\/\/api.w.org\/{rel}","templated":true}]}}