{"id":3043,"date":"2025-01-31T12:05:22","date_gmt":"2025-01-31T15:05:22","guid":{"rendered":"https:\/\/xboxgames.com.br\/loja\/?post_type=product&#038;p=3043"},"modified":"2025-01-31T12:34:48","modified_gmt":"2025-01-31T15:34:48","slug":"mortal-kombat-11","status":"publish","type":"product","link":"https:\/\/xboxgames.com.br\/loja\/produto\/mortal-kombat-11\/","title":{"rendered":"Mortal Kombat 11"},"content":{"rendered":"<p><strong>Mortal Kombat<\/strong>\u00a0est\u00e1 de volta, melhor do que nunca, em uma evolu\u00e7\u00e3o da ic\u00f4nica franquia. Todas as varia\u00e7\u00f5es de customiza\u00e7\u00e3o de personagens lhe d\u00e3o liberdade total para personalizar os lutadores e torn\u00e1-los \u00fanicos. Sinta-se mais perto da luta com os cr\u00e2nios rachados e olhos saltados dos novos gr\u00e1ficos. Com lutadores kl\u00e1ssicos, novos e antigos, a incr\u00edvel cinem\u00e1tica do modo hist\u00f3ria de\u00a0<strong>Mortal<\/strong>\u00a0<strong>Kombat<\/strong>\u00a0continua a contar a saga \u00e9pica de 25 anos atr\u00e1s.<\/p>\n","protected":false},"excerpt":{"rendered":"<p><strong>Mortal Kombat<\/strong>\u00a0est\u00e1 de volta, melhor do que nunca, em uma evolu\u00e7\u00e3o da ic\u00f4nica franquia. Todas as varia\u00e7\u00f5es de customiza\u00e7\u00e3o de personagens lhe d\u00e3o liberdade total para personalizar os lutadores e torn\u00e1-los \u00fanicos. Sinta-se mais perto da luta com os cr\u00e2nios rachados e olhos saltados dos novos gr\u00e1ficos. Com lutadores kl\u00e1ssicos, novos e antigos, a incr\u00edvel cinem\u00e1tica do modo hist\u00f3ria de\u00a0<strong>Mortal<\/strong>\u00a0<strong>Kombat<\/strong>\u00a0continua a contar a saga \u00e9pica de 25 anos atr\u00e1s.<\/p>\n","protected":false},"featured_media":3047,"comment_status":"open","ping_status":"closed","template":"","meta":{"nf_dc_page":""},"product_brand":[],"product_cat":[53],"product_tag":[],"class_list":{"0":"post-3043","1":"product","2":"type-product","3":"status-publish","4":"has-post-thumbnail","6":"product_cat-luta","8":"first","9":"instock","10":"featured","11":"shipping-taxable","12":"purchasable","13":"product-type-variable","14":"has-default-attributes"},"_links":{"self":[{"href":"https:\/\/xboxgames.com.br\/loja\/wp-json\/wp\/v2\/product\/3043","targetHints":{"allow":["GET"]}}],"collection":[{"href":"https:\/\/xboxgames.com.br\/loja\/wp-json\/wp\/v2\/product"}],"about":[{"href":"https:\/\/xboxgames.com.br\/loja\/wp-json\/wp\/v2\/types\/product"}],"replies":[{"embeddable":true,"href":"https:\/\/xboxgames.com.br\/loja\/wp-json\/wp\/v2\/comments?post=3043"}],"version-history":[{"count":1,"href":"https:\/\/xboxgames.com.br\/loja\/wp-json\/wp\/v2\/product\/3043\/revisions"}],"predecessor-version":[{"id":3048,"href":"https:\/\/xboxgames.com.br\/loja\/wp-json\/wp\/v2\/product\/3043\/revisions\/3048"}],"wp:featuredmedia":[{"embeddable":true,"href":"https:\/\/xboxgames.com.br\/loja\/wp-json\/wp\/v2\/media\/3047"}],"wp:attachment":[{"href":"https:\/\/xboxgames.com.br\/loja\/wp-json\/wp\/v2\/media?parent=3043"}],"wp:term":[{"taxonomy":"product_brand","embeddable":true,"href":"https:\/\/xboxgames.com.br\/loja\/wp-json\/wp\/v2\/product_brand?post=3043"},{"taxonomy":"product_cat","embeddable":true,"href":"https:\/\/xboxgames.com.br\/loja\/wp-json\/wp\/v2\/product_cat?post=3043"},{"taxonomy":"product_tag","embeddable":true,"href":"https:\/\/xboxgames.com.br\/loja\/wp-json\/wp\/v2\/product_tag?post=3043"}],"curies":[{"name":"wp","href":"https:\/\/api.w.org\/{rel}","templated":true}]}}