{"id":2966,"date":"2025-01-30T15:40:08","date_gmt":"2025-01-30T18:40:08","guid":{"rendered":"https:\/\/xboxgames.com.br\/loja\/?post_type=product&#038;p=2966"},"modified":"2025-01-30T15:47:11","modified_gmt":"2025-01-30T18:47:11","slug":"kingdoms-of-amalur-re-reckoning-fate-edition","status":"publish","type":"product","link":"https:\/\/xboxgames.com.br\/loja\/produto\/kingdoms-of-amalur-re-reckoning-fate-edition\/","title":{"rendered":"Kingdoms of Amalur: Re-Reckoning FATE Edition"},"content":{"rendered":"<p>O retorno do RPG de sucesso! Das mentes de R. A. Salvatore, autor best-seller; Todd McFarlane, criador de Spawn; e Ken Rolston, designer chefe de Elder Scrolls IV: Oblivion, chega Kingdoms of Amalur: Re-Reckoning. Remasterizado com visuais deslumbrantes e jogabilidade refinada, Re-Reckoning proporciona um intenso combate de RPG personaliz\u00e1vel dentro de um mundo imenso. &#8212; Novo conte\u00fado que estende o jogo em mais de 5 horas. Agarth visita e explica que a ressurrei\u00e7\u00e3o no Po\u00e7o das Almas causou perturba\u00e7\u00f5es na Weave. Voc\u00ea est\u00e1 no &#8220;epicentro&#8221; da poss\u00edvel dissolu\u00e7\u00e3o da Weave, ou no in\u00edcio de um dos primeiros fios que come\u00e7am a se desfazer.<\/p>\n","protected":false},"excerpt":{"rendered":"<p>O retorno do RPG de sucesso! Das mentes de R. A. Salvatore, autor best-seller; Todd McFarlane, criador de Spawn; e Ken Rolston, designer chefe de Elder Scrolls IV: Oblivion, chega Kingdoms of Amalur: Re-Reckoning. Remasterizado com visuais deslumbrantes e jogabilidade refinada, Re-Reckoning proporciona um intenso combate de RPG personaliz\u00e1vel dentro de um mundo imenso. &#8212; Novo conte\u00fado que estende o jogo em mais de 5 horas. Agarth visita e explica que a ressurrei\u00e7\u00e3o no Po\u00e7o das Almas causou perturba\u00e7\u00f5es na Weave. Voc\u00ea est\u00e1 no &#8220;epicentro&#8221; da poss\u00edvel dissolu\u00e7\u00e3o da Weave, ou no in\u00edcio de um dos primeiros fios que come\u00e7am a se desfazer.<\/p>\n","protected":false},"featured_media":2970,"comment_status":"open","ping_status":"closed","template":"","meta":{"nf_dc_page":""},"product_brand":[],"product_cat":[22,25],"product_tag":[],"class_list":{"0":"post-2966","1":"product","2":"type-product","3":"status-publish","4":"has-post-thumbnail","6":"product_cat-acao-aventura","7":"product_cat-rpg","9":"first","10":"instock","11":"featured","12":"shipping-taxable","13":"purchasable","14":"product-type-variable","15":"has-default-attributes"},"_links":{"self":[{"href":"https:\/\/xboxgames.com.br\/loja\/wp-json\/wp\/v2\/product\/2966","targetHints":{"allow":["GET"]}}],"collection":[{"href":"https:\/\/xboxgames.com.br\/loja\/wp-json\/wp\/v2\/product"}],"about":[{"href":"https:\/\/xboxgames.com.br\/loja\/wp-json\/wp\/v2\/types\/product"}],"replies":[{"embeddable":true,"href":"https:\/\/xboxgames.com.br\/loja\/wp-json\/wp\/v2\/comments?post=2966"}],"version-history":[{"count":1,"href":"https:\/\/xboxgames.com.br\/loja\/wp-json\/wp\/v2\/product\/2966\/revisions"}],"predecessor-version":[{"id":2971,"href":"https:\/\/xboxgames.com.br\/loja\/wp-json\/wp\/v2\/product\/2966\/revisions\/2971"}],"wp:featuredmedia":[{"embeddable":true,"href":"https:\/\/xboxgames.com.br\/loja\/wp-json\/wp\/v2\/media\/2970"}],"wp:attachment":[{"href":"https:\/\/xboxgames.com.br\/loja\/wp-json\/wp\/v2\/media?parent=2966"}],"wp:term":[{"taxonomy":"product_brand","embeddable":true,"href":"https:\/\/xboxgames.com.br\/loja\/wp-json\/wp\/v2\/product_brand?post=2966"},{"taxonomy":"product_cat","embeddable":true,"href":"https:\/\/xboxgames.com.br\/loja\/wp-json\/wp\/v2\/product_cat?post=2966"},{"taxonomy":"product_tag","embeddable":true,"href":"https:\/\/xboxgames.com.br\/loja\/wp-json\/wp\/v2\/product_tag?post=2966"}],"curies":[{"name":"wp","href":"https:\/\/api.w.org\/{rel}","templated":true}]}}