{"id":2926,"date":"2025-01-30T08:30:54","date_gmt":"2025-01-30T11:30:54","guid":{"rendered":"https:\/\/xboxgames.com.br\/loja\/?post_type=product&#038;p=2926"},"modified":"2025-01-30T08:36:08","modified_gmt":"2025-01-30T11:36:08","slug":"elex-ii","status":"publish","type":"product","link":"https:\/\/xboxgames.com.br\/loja\/produto\/elex-ii\/","title":{"rendered":"ELEX II"},"content":{"rendered":"<p>ELEX II \u00e9 a sequ\u00eancia de ELEX, a experi\u00eancia de RPG de mundo aberto cl\u00e1ssico de Piranha Bytes, os criadores premiados das s\u00e9ries Gothic e Risen. ELEX II retorna ao mundo p\u00f3s-apocal\u00edptico de ci\u00eancia e fantasia de Magalan. Com ambientes imensos que podem ser explorados com liberdade sem igual usando um propulsor a jato, voc\u00ea poder\u00e1 avan\u00e7ar pela narrativa \u00e9pica da forma que quiser. Anos ap\u00f3s a vit\u00f3ria de Jax contra Hybrid, um novo inimigo chega do c\u00e9u, liberando os poderes perigosos do elex negro e amea\u00e7ando toda a vida no planeta. Para defender a paz em Magalan e a seguran\u00e7a de sua pr\u00f3pria fam\u00edlia, Jax deve partir em uma miss\u00e3o para convencer as fac\u00e7\u00f5es a se unirem contra os invasores e encontrar seu filho, Dex, de quem se separou&#8230; Mergulhe em um mundo enorme, \u00fanico e elaborado meticulosamente, com m\u00faltiplas fac\u00e7\u00f5es e territ\u00f3rios diversos, ambientado em um universo cient\u00edfico e fant\u00e1stico p\u00f3s-apocal\u00edptico. O jogo permite que voc\u00ea: explore o planeta de Magalan com liberdade sem precedentes, usando seu propulsor a jato de confian\u00e7a para se transportar pelo mapa e at\u00e9 voar! interaja com um mundo vivo e cheio de personagens \u00fanicos que se lembrar\u00e3o das suas a\u00e7\u00f5es e reagir\u00e3o a car\u00e1ter, juntando-se ou saindo do seu grupo dependendo de como voc\u00ea se comportar e podem ser mortos, o que ir\u00e1 influenciar a narrativa participe de combates flex\u00edveis de longa e curta dist\u00e2ncia com um sistema de controle imensamente aprimorado vivencie uma hist\u00f3ria envolvente em um mundo de decis\u00f5es morais, em que as suas a\u00e7\u00f5es t\u00eam consequ\u00eancias<\/p>\n","protected":false},"excerpt":{"rendered":"<p>ELEX II \u00e9 a sequ\u00eancia de ELEX, a experi\u00eancia de RPG de mundo aberto cl\u00e1ssico de Piranha Bytes, os criadores premiados das s\u00e9ries Gothic e Risen. ELEX II retorna ao mundo p\u00f3s-apocal\u00edptico de ci\u00eancia e fantasia de Magalan. Com ambientes imensos que podem ser explorados com liberdade sem igual usando um propulsor a jato, voc\u00ea poder\u00e1 avan\u00e7ar pela narrativa \u00e9pica da forma que quiser.<\/p>\n","protected":false},"featured_media":2930,"comment_status":"open","ping_status":"closed","template":"","meta":{"nf_dc_page":""},"product_brand":[],"product_cat":[25],"product_tag":[],"class_list":{"0":"post-2926","1":"product","2":"type-product","3":"status-publish","4":"has-post-thumbnail","6":"product_cat-rpg","8":"first","9":"instock","10":"featured","11":"shipping-taxable","12":"purchasable","13":"product-type-variable","14":"has-default-attributes"},"_links":{"self":[{"href":"https:\/\/xboxgames.com.br\/loja\/wp-json\/wp\/v2\/product\/2926","targetHints":{"allow":["GET"]}}],"collection":[{"href":"https:\/\/xboxgames.com.br\/loja\/wp-json\/wp\/v2\/product"}],"about":[{"href":"https:\/\/xboxgames.com.br\/loja\/wp-json\/wp\/v2\/types\/product"}],"replies":[{"embeddable":true,"href":"https:\/\/xboxgames.com.br\/loja\/wp-json\/wp\/v2\/comments?post=2926"}],"version-history":[{"count":1,"href":"https:\/\/xboxgames.com.br\/loja\/wp-json\/wp\/v2\/product\/2926\/revisions"}],"predecessor-version":[{"id":2931,"href":"https:\/\/xboxgames.com.br\/loja\/wp-json\/wp\/v2\/product\/2926\/revisions\/2931"}],"wp:featuredmedia":[{"embeddable":true,"href":"https:\/\/xboxgames.com.br\/loja\/wp-json\/wp\/v2\/media\/2930"}],"wp:attachment":[{"href":"https:\/\/xboxgames.com.br\/loja\/wp-json\/wp\/v2\/media?parent=2926"}],"wp:term":[{"taxonomy":"product_brand","embeddable":true,"href":"https:\/\/xboxgames.com.br\/loja\/wp-json\/wp\/v2\/product_brand?post=2926"},{"taxonomy":"product_cat","embeddable":true,"href":"https:\/\/xboxgames.com.br\/loja\/wp-json\/wp\/v2\/product_cat?post=2926"},{"taxonomy":"product_tag","embeddable":true,"href":"https:\/\/xboxgames.com.br\/loja\/wp-json\/wp\/v2\/product_tag?post=2926"}],"curies":[{"name":"wp","href":"https:\/\/api.w.org\/{rel}","templated":true}]}}