{"id":2920,"date":"2025-01-30T08:24:31","date_gmt":"2025-01-30T11:24:31","guid":{"rendered":"https:\/\/xboxgames.com.br\/loja\/?post_type=product&#038;p=2920"},"modified":"2025-01-30T08:29:48","modified_gmt":"2025-01-30T11:29:48","slug":"elex","status":"publish","type":"product","link":"https:\/\/xboxgames.com.br\/loja\/produto\/elex\/","title":{"rendered":"Elex"},"content":{"rendered":"<p>Elex \u00e9 RPG de mundo aberto cheio de liberdade e escolhas dos criadores premiados da s\u00e9rie Gothic, ambientado em um universo de fantasia cient\u00edfica p\u00f3s-apocal\u00edptica. Caracter\u00edsticas: Liberdade de escolha: ajude, traia ou mate quem quiser, e veja como as consequ\u00eancias mudar\u00e3o a hist\u00f3ria. Liberdade de movimento: use o propulsor a jato para atacar do ar, para alcan\u00e7ar lugares ocultos ou pular de alturas incr\u00edveis e cair com seguran\u00e7a. Liberdade de desenvolvimento do personagem: em Elex, voc\u00ea n\u00e3o est\u00e1 limitado a uma certa classe de her\u00f3i, voc\u00ea pode se tornar quem voc\u00ea quiser. Liberdade de explora\u00e7\u00e3o: o mundo inteiro \u00e9 aberto para explora\u00e7\u00e3o desde o in\u00edcio, e n\u00e3o h\u00e1 barreiras ou telas de carregamento. Liberdade de escolha de armas: Elex oferece uma das sele\u00e7\u00f5es mais amplas de armamento da hist\u00f3ria dos RPGs. De espadas, arcos e martelos a escopetas, lan\u00e7a-granadas e at\u00e9 mesmo lan\u00e7a-chamas (h\u00e1 um estilo de arma para todos) e, \u00e9 claro, m\u00e1gica.<\/p>\n","protected":false},"excerpt":{"rendered":"<p>Elex \u00e9 RPG de mundo aberto cheio de liberdade e escolhas dos criadores premiados da s\u00e9rie Gothic, ambientado em um universo de fantasia cient\u00edfica p\u00f3s-apocal\u00edptica. Caracter\u00edsticas: Liberdade de escolha: ajude, traia ou mate quem quiser, e veja como as consequ\u00eancias mudar\u00e3o a hist\u00f3ria. Liberdade de movimento: use o propulsor a jato para atacar do ar, para alcan\u00e7ar lugares ocultos ou pular de alturas incr\u00edveis e cair com seguran\u00e7a. Liberdade de desenvolvimento do personagem: em Elex, voc\u00ea n\u00e3o est\u00e1 limitado a uma certa classe de her\u00f3i, voc\u00ea pode se tornar quem voc\u00ea quiser. Liberdade de explora\u00e7\u00e3o: o mundo inteiro \u00e9 aberto para explora\u00e7\u00e3o desde o in\u00edcio, e n\u00e3o h\u00e1 barreiras ou telas de carregamento. Liberdade de escolha de armas: Elex oferece uma das sele\u00e7\u00f5es mais amplas de armamento da hist\u00f3ria dos RPGs. De espadas, arcos e martelos a escopetas, lan\u00e7a-granadas e at\u00e9 mesmo lan\u00e7a-chamas (h\u00e1 um estilo de arma para todos) e, \u00e9 claro, m\u00e1gica.<\/p>\n","protected":false},"featured_media":2924,"comment_status":"open","ping_status":"closed","template":"","meta":{"nf_dc_page":""},"product_brand":[],"product_cat":[25],"product_tag":[],"class_list":{"0":"post-2920","1":"product","2":"type-product","3":"status-publish","4":"has-post-thumbnail","6":"product_cat-rpg","8":"first","9":"instock","10":"featured","11":"shipping-taxable","12":"purchasable","13":"product-type-variable","14":"has-default-attributes"},"_links":{"self":[{"href":"https:\/\/xboxgames.com.br\/loja\/wp-json\/wp\/v2\/product\/2920","targetHints":{"allow":["GET"]}}],"collection":[{"href":"https:\/\/xboxgames.com.br\/loja\/wp-json\/wp\/v2\/product"}],"about":[{"href":"https:\/\/xboxgames.com.br\/loja\/wp-json\/wp\/v2\/types\/product"}],"replies":[{"embeddable":true,"href":"https:\/\/xboxgames.com.br\/loja\/wp-json\/wp\/v2\/comments?post=2920"}],"version-history":[{"count":1,"href":"https:\/\/xboxgames.com.br\/loja\/wp-json\/wp\/v2\/product\/2920\/revisions"}],"predecessor-version":[{"id":2925,"href":"https:\/\/xboxgames.com.br\/loja\/wp-json\/wp\/v2\/product\/2920\/revisions\/2925"}],"wp:featuredmedia":[{"embeddable":true,"href":"https:\/\/xboxgames.com.br\/loja\/wp-json\/wp\/v2\/media\/2924"}],"wp:attachment":[{"href":"https:\/\/xboxgames.com.br\/loja\/wp-json\/wp\/v2\/media?parent=2920"}],"wp:term":[{"taxonomy":"product_brand","embeddable":true,"href":"https:\/\/xboxgames.com.br\/loja\/wp-json\/wp\/v2\/product_brand?post=2920"},{"taxonomy":"product_cat","embeddable":true,"href":"https:\/\/xboxgames.com.br\/loja\/wp-json\/wp\/v2\/product_cat?post=2920"},{"taxonomy":"product_tag","embeddable":true,"href":"https:\/\/xboxgames.com.br\/loja\/wp-json\/wp\/v2\/product_tag?post=2920"}],"curies":[{"name":"wp","href":"https:\/\/api.w.org\/{rel}","templated":true}]}}