{"id":2913,"date":"2025-01-30T08:10:06","date_gmt":"2025-01-30T11:10:06","guid":{"rendered":"https:\/\/xboxgames.com.br\/loja\/?post_type=product&#038;p=2913"},"modified":"2025-01-30T08:21:23","modified_gmt":"2025-01-30T11:21:23","slug":"forza-horizon-5-edicao-padrao","status":"publish","type":"product","link":"https:\/\/xboxgames.com.br\/loja\/produto\/forza-horizon-5-edicao-padrao\/","title":{"rendered":"Forza Horizon 5 Edi\u00e7\u00e3o Padr\u00e3o"},"content":{"rendered":"<p>Sua maior aventura\u00a0<strong>Horizon<\/strong>\u00a0te espera! Lidere impressionantes expedi\u00e7\u00f5es pelo mundo aberto vibrante e em constante evolu\u00e7\u00e3o nas terras mexicanas. Participe de corridas divertidas e sem limites enquanto pilota centenas dos melhores carros do mundo.<\/p>\n","protected":false},"excerpt":{"rendered":"<p>Sua maior aventura\u00a0<strong>Horizon<\/strong>\u00a0te espera! Lidere impressionantes expedi\u00e7\u00f5es pelo mundo aberto vibrante e em constante evolu\u00e7\u00e3o nas terras mexicanas. Participe de corridas divertidas e sem limites enquanto pilota centenas dos melhores carros do mundo.<\/p>\n","protected":false},"featured_media":2919,"comment_status":"open","ping_status":"closed","template":"","meta":{"nf_dc_page":""},"product_brand":[],"product_cat":[28],"product_tag":[],"class_list":{"0":"post-2913","1":"product","2":"type-product","3":"status-publish","4":"has-post-thumbnail","6":"product_cat-corridas-voo","8":"first","9":"instock","10":"featured","11":"shipping-taxable","12":"purchasable","13":"product-type-variable","14":"has-default-attributes"},"_links":{"self":[{"href":"https:\/\/xboxgames.com.br\/loja\/wp-json\/wp\/v2\/product\/2913","targetHints":{"allow":["GET"]}}],"collection":[{"href":"https:\/\/xboxgames.com.br\/loja\/wp-json\/wp\/v2\/product"}],"about":[{"href":"https:\/\/xboxgames.com.br\/loja\/wp-json\/wp\/v2\/types\/product"}],"replies":[{"embeddable":true,"href":"https:\/\/xboxgames.com.br\/loja\/wp-json\/wp\/v2\/comments?post=2913"}],"version-history":[{"count":1,"href":"https:\/\/xboxgames.com.br\/loja\/wp-json\/wp\/v2\/product\/2913\/revisions"}],"predecessor-version":[{"id":2918,"href":"https:\/\/xboxgames.com.br\/loja\/wp-json\/wp\/v2\/product\/2913\/revisions\/2918"}],"wp:featuredmedia":[{"embeddable":true,"href":"https:\/\/xboxgames.com.br\/loja\/wp-json\/wp\/v2\/media\/2919"}],"wp:attachment":[{"href":"https:\/\/xboxgames.com.br\/loja\/wp-json\/wp\/v2\/media?parent=2913"}],"wp:term":[{"taxonomy":"product_brand","embeddable":true,"href":"https:\/\/xboxgames.com.br\/loja\/wp-json\/wp\/v2\/product_brand?post=2913"},{"taxonomy":"product_cat","embeddable":true,"href":"https:\/\/xboxgames.com.br\/loja\/wp-json\/wp\/v2\/product_cat?post=2913"},{"taxonomy":"product_tag","embeddable":true,"href":"https:\/\/xboxgames.com.br\/loja\/wp-json\/wp\/v2\/product_tag?post=2913"}],"curies":[{"name":"wp","href":"https:\/\/api.w.org\/{rel}","templated":true}]}}