{"id":2907,"date":"2025-01-29T19:20:37","date_gmt":"2025-01-29T22:20:37","guid":{"rendered":"https:\/\/xboxgames.com.br\/loja\/?post_type=product&#038;p=2907"},"modified":"2025-01-29T19:25:43","modified_gmt":"2025-01-29T22:25:43","slug":"star-wars-jedi-survivor","status":"publish","type":"product","link":"https:\/\/xboxgames.com.br\/loja\/produto\/star-wars-jedi-survivor\/","title":{"rendered":"STAR WARS Jedi: Survivor"},"content":{"rendered":"<p>A hist\u00f3ria de Cal Kestis continua em Star Wars Jedi: Survivor&#x2122;, uma aventura em terceira pessoa na gal\u00e1xia da Respawn Entertainment, desenvolvida em colabora\u00e7\u00e3o com a Lucasfilm Games. Este t\u00edtulo de jogo solo guiado pela narrativa come\u00e7a cinco anos ap\u00f3s os eventos de Star Wars Jedi: Fallen Order&#x2122;, acompanhando a luta cada vez mais desesperada de Cal enquanto a gal\u00e1xia se torna ainda mais sombria. Empurrado para os limites da gal\u00e1xia pelo Imp\u00e9rio, Cal se ver\u00e1 cercado por amea\u00e7as novas e conhecidas. Como um dos \u00faltimos Cavaleiros Jedi sobreviventes, Cal precisa mostrar seu valor durante o momento mais sombrio da gal\u00e1xia, mas at\u00e9 onde ele est\u00e1 disposto a ir para proteger a si, sua equipe e o legado da Ordem Jedi? \u2022 D\u00ea continuidade \u00e0 jornada de Cal. N\u00e3o mais um Padawan, Cal se tornou um poderoso Cavaleiro Jedi. Carregando as lembran\u00e7as e expectativas da Ordem Jedi, sua cruzada contra o Imp\u00e9rio s\u00f3 se tornou mais perigosa. Os Tempos Sombrios est\u00e3o se aproximando. Cercado por inimigos novos e conhecidos, Cal ter\u00e1 que decidir at\u00e9 onde est\u00e1 disposto a ir para salvar os mais pr\u00f3ximos. \u2022 V\u00e1 al\u00e9m do seu treinamento \u2013 O sistema de combate cinem\u00e1tico retorna com habilidades adicionais da For\u00e7a e novos estilos de combate com o sabre de luz. Use todas essas habilidades e armas com criatividade para enfrentar estrategicamente os inimigos, equilibrando vantagens e desvantagens, enquanto utilizam de maneira inteligente seu treinamento para superar advers\u00e1rios e resolver os mist\u00e9rios que surgem no caminho. \u2022 Explore uma gal\u00e1xia indomada \u2013 Descubra novos planetas e fronteiras conhecidas na gal\u00e1xia de Star Wars, cada um com biomas, desafios e inimigos \u00fanicos. Domine novas habilidades, equipamentos e habilidades que v\u00e3o melhorar as formas como voc\u00ea explora, luta e se locomove. Com \u00e1reas maiores para explorar e mais para descobrir fora do caminho j\u00e1 trilhado, quem se aventura al\u00e9m do horizonte encontrar\u00e1 recompensas ocultas. EXISTEM CONDI\u00c7\u00d5ES E RESTRI\u00c7\u00d5ES. PARA SABER MAIS, ACESSE www.ea.com\/pt-br\/legal. Lucasfilm, o logotipo Lucasfilm, STAR WARS e propriedades relacionadas s\u00e3o marcas registradas e\/ou direitos autorais, nos Estados Unidos e em outros pa\u00edses, da Lucasfilm Ltd. e\/ou de suas afiliadas. \u00a9 e TM 2024 Lucasfilm Ltd. Todos os direitos reservados.<\/p>\n","protected":false},"excerpt":{"rendered":"<p>A hist\u00f3ria de Cal Kestis continua em Star Wars Jedi: Survivor&#x2122;, uma aventura em terceira pessoa na gal\u00e1xia da Respawn Entertainment, desenvolvida em colabora\u00e7\u00e3o com a Lucasfilm Games. Este t\u00edtulo de jogo solo guiado pela narrativa come\u00e7a cinco anos ap\u00f3s os eventos de Star Wars Jedi: Fallen Order&#x2122;, acompanhando a luta cada vez mais desesperada de Cal enquanto a gal\u00e1xia se torna ainda mais sombria. Empurrado para os limites da gal\u00e1xia pelo Imp\u00e9rio, Cal se ver\u00e1 cercado por amea\u00e7as novas e conhecidas. Como um dos \u00faltimos Cavaleiros Jedi sobreviventes, Cal precisa mostrar seu valor durante o momento mais sombrio da gal\u00e1xia, mas at\u00e9 onde ele est\u00e1 disposto a ir para proteger a si, sua equipe e o legado da Ordem Jedi?<\/p>\n","protected":false},"featured_media":2911,"comment_status":"open","ping_status":"closed","template":"","meta":{"nf_dc_page":""},"product_brand":[],"product_cat":[22],"product_tag":[],"class_list":{"0":"post-2907","1":"product","2":"type-product","3":"status-publish","4":"has-post-thumbnail","6":"product_cat-acao-aventura","8":"first","9":"instock","10":"featured","11":"shipping-taxable","12":"purchasable","13":"product-type-variable","14":"has-default-attributes"},"_links":{"self":[{"href":"https:\/\/xboxgames.com.br\/loja\/wp-json\/wp\/v2\/product\/2907","targetHints":{"allow":["GET"]}}],"collection":[{"href":"https:\/\/xboxgames.com.br\/loja\/wp-json\/wp\/v2\/product"}],"about":[{"href":"https:\/\/xboxgames.com.br\/loja\/wp-json\/wp\/v2\/types\/product"}],"replies":[{"embeddable":true,"href":"https:\/\/xboxgames.com.br\/loja\/wp-json\/wp\/v2\/comments?post=2907"}],"version-history":[{"count":1,"href":"https:\/\/xboxgames.com.br\/loja\/wp-json\/wp\/v2\/product\/2907\/revisions"}],"predecessor-version":[{"id":2912,"href":"https:\/\/xboxgames.com.br\/loja\/wp-json\/wp\/v2\/product\/2907\/revisions\/2912"}],"wp:featuredmedia":[{"embeddable":true,"href":"https:\/\/xboxgames.com.br\/loja\/wp-json\/wp\/v2\/media\/2911"}],"wp:attachment":[{"href":"https:\/\/xboxgames.com.br\/loja\/wp-json\/wp\/v2\/media?parent=2907"}],"wp:term":[{"taxonomy":"product_brand","embeddable":true,"href":"https:\/\/xboxgames.com.br\/loja\/wp-json\/wp\/v2\/product_brand?post=2907"},{"taxonomy":"product_cat","embeddable":true,"href":"https:\/\/xboxgames.com.br\/loja\/wp-json\/wp\/v2\/product_cat?post=2907"},{"taxonomy":"product_tag","embeddable":true,"href":"https:\/\/xboxgames.com.br\/loja\/wp-json\/wp\/v2\/product_tag?post=2907"}],"curies":[{"name":"wp","href":"https:\/\/api.w.org\/{rel}","templated":true}]}}