{"id":2901,"date":"2025-01-29T18:51:41","date_gmt":"2025-01-29T21:51:41","guid":{"rendered":"https:\/\/xboxgames.com.br\/loja\/?post_type=product&#038;p=2901"},"modified":"2025-01-29T18:57:29","modified_gmt":"2025-01-29T21:57:29","slug":"raft-the-final-chapter","status":"publish","type":"product","link":"https:\/\/xboxgames.com.br\/loja\/produto\/raft-the-final-chapter\/","title":{"rendered":"Raft The final Chapter"},"content":{"rendered":"<p>Raft&#x2122; convida voc\u00ea e seus amigos para uma aventura \u00e9pica pelos mares! Sozinhos ou em grupo, os jogadores batalham para sobreviver a uma jornada perigosa por um vasto oceano. Re\u00fana destro\u00e7os, vasculhe recifes e construa sua pr\u00f3pria morada flutuante. Mas tome muito, muito cuidado com os tubar\u00f5es comedores de homens!<\/p>\n","protected":false},"excerpt":{"rendered":"<p>Raft&#x2122; convida voc\u00ea e seus amigos para uma aventura \u00e9pica pelos mares! Sozinhos ou em grupo, os jogadores batalham para sobreviver a uma jornada perigosa por um vasto oceano. Re\u00fana destro\u00e7os, vasculhe recifes e construa sua pr\u00f3pria morada flutuante. Mas tome muito, muito cuidado com os tubar\u00f5es comedores de homens!<\/p>\n","protected":false},"featured_media":2905,"comment_status":"open","ping_status":"closed","template":"","meta":{"nf_dc_page":""},"product_brand":[],"product_cat":[22],"product_tag":[],"class_list":{"0":"post-2901","1":"product","2":"type-product","3":"status-publish","4":"has-post-thumbnail","6":"product_cat-acao-aventura","8":"first","9":"instock","10":"featured","11":"shipping-taxable","12":"purchasable","13":"product-type-variable","14":"has-default-attributes"},"_links":{"self":[{"href":"https:\/\/xboxgames.com.br\/loja\/wp-json\/wp\/v2\/product\/2901","targetHints":{"allow":["GET"]}}],"collection":[{"href":"https:\/\/xboxgames.com.br\/loja\/wp-json\/wp\/v2\/product"}],"about":[{"href":"https:\/\/xboxgames.com.br\/loja\/wp-json\/wp\/v2\/types\/product"}],"replies":[{"embeddable":true,"href":"https:\/\/xboxgames.com.br\/loja\/wp-json\/wp\/v2\/comments?post=2901"}],"version-history":[{"count":1,"href":"https:\/\/xboxgames.com.br\/loja\/wp-json\/wp\/v2\/product\/2901\/revisions"}],"predecessor-version":[{"id":2906,"href":"https:\/\/xboxgames.com.br\/loja\/wp-json\/wp\/v2\/product\/2901\/revisions\/2906"}],"wp:featuredmedia":[{"embeddable":true,"href":"https:\/\/xboxgames.com.br\/loja\/wp-json\/wp\/v2\/media\/2905"}],"wp:attachment":[{"href":"https:\/\/xboxgames.com.br\/loja\/wp-json\/wp\/v2\/media?parent=2901"}],"wp:term":[{"taxonomy":"product_brand","embeddable":true,"href":"https:\/\/xboxgames.com.br\/loja\/wp-json\/wp\/v2\/product_brand?post=2901"},{"taxonomy":"product_cat","embeddable":true,"href":"https:\/\/xboxgames.com.br\/loja\/wp-json\/wp\/v2\/product_cat?post=2901"},{"taxonomy":"product_tag","embeddable":true,"href":"https:\/\/xboxgames.com.br\/loja\/wp-json\/wp\/v2\/product_tag?post=2901"}],"curies":[{"name":"wp","href":"https:\/\/api.w.org\/{rel}","templated":true}]}}