{"id":2875,"date":"2025-01-29T17:54:01","date_gmt":"2025-01-29T20:54:01","guid":{"rendered":"https:\/\/xboxgames.com.br\/loja\/?post_type=product&#038;p=2875"},"modified":"2025-01-29T18:25:58","modified_gmt":"2025-01-29T21:25:58","slug":"payday-2-crimewave-edition","status":"publish","type":"product","link":"https:\/\/xboxgames.com.br\/loja\/produto\/payday-2-crimewave-edition\/","title":{"rendered":"PAYDAY 2: CRIMEWAVE EDITION"},"content":{"rendered":"<p>PAYDAY \u00e9 um atirador repleto de ac\u00e7\u00e3o para 4 jogadores em modo cooperativo, no qual assaltas bancos e \u00e9s pago para isso. A edi\u00e7\u00e3o Crimewave apresenta um renovado motor gr\u00e1fico. At\u00e9 quatro amigos podem cooperar nos assaltos e, \u00e0 medida que o jogo evolui, os contratos tornam-se maiores, melhores e mais recompensadores. Al\u00e9m de ganhares mais dinheiro e te tornares numa lenda, tira partido do crime \u2013 usa os teus fundos para personalizares o teu personagem com novos conjuntos de capacidades que mudam a tua forma de jogar e equipa-o com as suas pr\u00f3prias armas e equipamento. Os gr\u00e1ficos renovados conferem aos golpes uma resolu\u00e7\u00e3o de 1080p. V\u00ea cada nota do banco a voar e sente cada bala a rasar a tua cabe\u00e7a em Full HD.<\/p>\n","protected":false},"excerpt":{"rendered":"<p>PAYDAY \u00e9 um atirador repleto de ac\u00e7\u00e3o para 4 jogadores em modo cooperativo, no qual assaltas bancos e \u00e9s pago para isso. A edi\u00e7\u00e3o Crimewave apresenta um renovado motor gr\u00e1fico. At\u00e9 quatro amigos podem cooperar nos assaltos e, \u00e0 medida que o jogo evolui, os contratos tornam-se maiores, melhores e mais recompensadores. Al\u00e9m de ganhares mais dinheiro e te tornares numa lenda, tira partido do crime \u2013 usa os teus fundos para personalizares o teu personagem com novos conjuntos de capacidades que mudam a tua forma de jogar e equipa-o com as suas pr\u00f3prias armas e equipamento. Os gr\u00e1ficos renovados conferem aos golpes uma resolu\u00e7\u00e3o de 1080p. V\u00ea cada nota do banco a voar e sente cada bala a rasar a tua cabe\u00e7a em Full HD.<\/p>\n","protected":false},"featured_media":2879,"comment_status":"open","ping_status":"closed","template":"","meta":{"nf_dc_page":""},"product_brand":[],"product_cat":[52],"product_tag":[],"class_list":{"0":"post-2875","1":"product","2":"type-product","3":"status-publish","4":"has-post-thumbnail","6":"product_cat-jogos-de-tiros","8":"first","9":"instock","10":"featured","11":"shipping-taxable","12":"purchasable","13":"product-type-variable","14":"has-default-attributes"},"_links":{"self":[{"href":"https:\/\/xboxgames.com.br\/loja\/wp-json\/wp\/v2\/product\/2875","targetHints":{"allow":["GET"]}}],"collection":[{"href":"https:\/\/xboxgames.com.br\/loja\/wp-json\/wp\/v2\/product"}],"about":[{"href":"https:\/\/xboxgames.com.br\/loja\/wp-json\/wp\/v2\/types\/product"}],"replies":[{"embeddable":true,"href":"https:\/\/xboxgames.com.br\/loja\/wp-json\/wp\/v2\/comments?post=2875"}],"version-history":[{"count":1,"href":"https:\/\/xboxgames.com.br\/loja\/wp-json\/wp\/v2\/product\/2875\/revisions"}],"predecessor-version":[{"id":2880,"href":"https:\/\/xboxgames.com.br\/loja\/wp-json\/wp\/v2\/product\/2875\/revisions\/2880"}],"wp:featuredmedia":[{"embeddable":true,"href":"https:\/\/xboxgames.com.br\/loja\/wp-json\/wp\/v2\/media\/2879"}],"wp:attachment":[{"href":"https:\/\/xboxgames.com.br\/loja\/wp-json\/wp\/v2\/media?parent=2875"}],"wp:term":[{"taxonomy":"product_brand","embeddable":true,"href":"https:\/\/xboxgames.com.br\/loja\/wp-json\/wp\/v2\/product_brand?post=2875"},{"taxonomy":"product_cat","embeddable":true,"href":"https:\/\/xboxgames.com.br\/loja\/wp-json\/wp\/v2\/product_cat?post=2875"},{"taxonomy":"product_tag","embeddable":true,"href":"https:\/\/xboxgames.com.br\/loja\/wp-json\/wp\/v2\/product_tag?post=2875"}],"curies":[{"name":"wp","href":"https:\/\/api.w.org\/{rel}","templated":true}]}}