{"id":2869,"date":"2025-01-29T17:44:14","date_gmt":"2025-01-29T20:44:14","guid":{"rendered":"https:\/\/xboxgames.com.br\/loja\/?post_type=product&#038;p=2869"},"modified":"2025-01-29T18:25:20","modified_gmt":"2025-01-29T21:25:20","slug":"death-stranding-directors-cut","status":"publish","type":"product","link":"https:\/\/xboxgames.com.br\/loja\/produto\/death-stranding-directors-cut\/","title":{"rendered":"DEATH STRANDING DIRECTOR&#8217;S CUT"},"content":{"rendered":"<p>Do lend\u00e1rio diretor Hideo Kojima, surge uma experi\u00eancia que desafia g\u00eaneros, ainda maior em DIRECTOR\u2019S CUT.<\/p>\n<p>No futuro, um evento misterioso conhecido como Death Stranding abriu uma passagem entre os vivos e os mortos, resultando em criaturas grotescas do p\u00f3s-vida andando pelo mundo arruinado, marcado por uma sociedade desolada.<\/p>\n<p>Jogando como Sam Bridges, sua miss\u00e3o \u00e9 entregar esperan\u00e7a \u00e0 humanidade ao conectar os sobreviventes de uma Am\u00e9rica devastada.<br \/>\nVoc\u00ea conseguir\u00e1 reunir este mundo destru\u00eddo, um passo de cada vez?<\/p>\n<p>DEATH STRANDING DIRECTOR\u2019S CUT para Xbox Series X|S e Windows PC inclui ALTA TAXA DE QUADROS, MODO FOTO e SUPORTE A MONITORES ULTRAWIDE. Tamb\u00e9m inclui conte\u00fado crossover da s\u00e9rie HALF-LIFE, da Valve Corporation; e de Cyberpunk 2077, da CD Projekt Red. Esteja conectado a jogadores no mundo todo com o Social Strand System<\/p>\n","protected":false},"excerpt":{"rendered":"<p>Do lend\u00e1rio diretor Hideo Kojima, surge uma experi\u00eancia que desafia g\u00eaneros, ainda maior em DIRECTOR\u2019S CUT.<\/p>\n<p>No futuro, um evento misterioso conhecido como Death Stranding abriu uma passagem entre os vivos e os mortos, resultando em criaturas grotescas do p\u00f3s-vida andando pelo mundo arruinado, marcado por uma sociedade desolada.<\/p>\n","protected":false},"featured_media":2873,"comment_status":"open","ping_status":"closed","template":"","meta":{"nf_dc_page":""},"product_brand":[],"product_cat":[22,52],"product_tag":[],"class_list":{"0":"post-2869","1":"product","2":"type-product","3":"status-publish","4":"has-post-thumbnail","6":"product_cat-acao-aventura","7":"product_cat-jogos-de-tiros","9":"first","10":"instock","11":"featured","12":"shipping-taxable","13":"purchasable","14":"product-type-variable","15":"has-default-attributes"},"_links":{"self":[{"href":"https:\/\/xboxgames.com.br\/loja\/wp-json\/wp\/v2\/product\/2869","targetHints":{"allow":["GET"]}}],"collection":[{"href":"https:\/\/xboxgames.com.br\/loja\/wp-json\/wp\/v2\/product"}],"about":[{"href":"https:\/\/xboxgames.com.br\/loja\/wp-json\/wp\/v2\/types\/product"}],"replies":[{"embeddable":true,"href":"https:\/\/xboxgames.com.br\/loja\/wp-json\/wp\/v2\/comments?post=2869"}],"version-history":[{"count":1,"href":"https:\/\/xboxgames.com.br\/loja\/wp-json\/wp\/v2\/product\/2869\/revisions"}],"predecessor-version":[{"id":2874,"href":"https:\/\/xboxgames.com.br\/loja\/wp-json\/wp\/v2\/product\/2869\/revisions\/2874"}],"wp:featuredmedia":[{"embeddable":true,"href":"https:\/\/xboxgames.com.br\/loja\/wp-json\/wp\/v2\/media\/2873"}],"wp:attachment":[{"href":"https:\/\/xboxgames.com.br\/loja\/wp-json\/wp\/v2\/media?parent=2869"}],"wp:term":[{"taxonomy":"product_brand","embeddable":true,"href":"https:\/\/xboxgames.com.br\/loja\/wp-json\/wp\/v2\/product_brand?post=2869"},{"taxonomy":"product_cat","embeddable":true,"href":"https:\/\/xboxgames.com.br\/loja\/wp-json\/wp\/v2\/product_cat?post=2869"},{"taxonomy":"product_tag","embeddable":true,"href":"https:\/\/xboxgames.com.br\/loja\/wp-json\/wp\/v2\/product_tag?post=2869"}],"curies":[{"name":"wp","href":"https:\/\/api.w.org\/{rel}","templated":true}]}}