{"id":2863,"date":"2025-01-29T17:25:15","date_gmt":"2025-01-29T20:25:15","guid":{"rendered":"https:\/\/xboxgames.com.br\/loja\/?post_type=product&#038;p=2863"},"modified":"2025-01-29T18:26:04","modified_gmt":"2025-01-29T21:26:04","slug":"edicao-ultimate-do-ea-sports-fc-25","status":"publish","type":"product","link":"https:\/\/xboxgames.com.br\/loja\/produto\/edicao-ultimate-do-ea-sports-fc-25\/","title":{"rendered":"Edi\u00e7\u00e3o Ultimate do EA SPORTS FC&#x2122; 25"},"content":{"rendered":"<p data-sourcepos=\"3:1-3:43\">A Edi\u00e7\u00e3o Ultimate do EA SPORTS FC&#x2122; 25 inclui jogos para Xbox One e Xbox Series X|S\u2020, al\u00e9m de 4.600 FC Points\u2020. O EA SPORTS FC&#x2122; 25 oferece mais maneiras de ganhar pelo clube. Jogue em equipe no modo 5&#215;5 do Rush, uma nova maneira de jogar com suas amizades nos modos Football Ultimate Team&#x2122;, Clubs e Jogo R\u00e1pido com partidas curtas. No Rush do Football Ultimate Team, monte seu time de 5 dos sonhos com at\u00e9 tr\u00eas amizades, com cada pessoa controlando o Item de Atleta favorito. Fa\u00e7a seu time jogar como a elite com o FC IQ. Uma reformula\u00e7\u00e3o dos fundamentos t\u00e1ticos do jogo que d\u00e1 mais controle estrat\u00e9gico e movimento coletivo realista para as equipes, enquanto um novo modelo de IA, com dados do mundo real, influencia as t\u00e1ticas de jogo em todas as posi\u00e7\u00f5es. Novidades nas Carreiras de Manager e Atleta permitem que voc\u00ea vivencie as maiores hist\u00f3rias do mundo real com Pontos de In\u00edcio ao Vivo**. Reescreva as hist\u00f3rias de \u00cdDOLOS do passado com os times de hoje na Carreira de Atleta e, pela primeira vez, jogue em uma Carreira Feminina aut\u00eantica, com controle total de um clube ou uma atleta de uma das 5 melhores ligas femininas. O EA SPORTS FC&#x2122; 25 conta com grandes atletas dos maiores clubes e competi\u00e7\u00f5es do mundo, com dados de partidas das melhores ligas do planeta definindo como mais de 19.000 atletas se movimentam, jogam e vencem. N\u00e3o importa como voc\u00ea escolhe vencer no EA SPORTS FC&#x2122; 25, o importante \u00e9 fazer isso pelo clube. Este t\u00edtulo inclui compras opcionais dentro do jogo de moeda virtual que pode ser usada para adquirir itens virtuais do jogo, incluindo uma sele\u00e7\u00e3o aleat\u00f3ria de itens virtuais do jogo. Existem condi\u00e7\u00f5es e restri\u00e7\u00f5es. Para saber mais, acesse www.ea.com\/pt-br\/legal. \u2020Existem condi\u00e7\u00f5es e restri\u00e7\u00f5es. Para saber mais, acesse https:\/\/www.ea.com\/games\/ea-sports-fc\/fc-25\/dual-entitlement. **A ser lan\u00e7ado em uma atualiza\u00e7\u00e3o p\u00f3s-lan\u00e7amento. Para obter mais detalhes e disponibilidade, acesse https:\/\/www.ea.com\/games\/ea-sports-fc\/fc-25\/disclaimers. A compra de FC Points n\u00e3o est\u00e1 dispon\u00edvel na B\u00e9lgica. Coment\u00e1rios em \u00e1udio para outros idiomas al\u00e9m do ingl\u00eas e do idioma das configura\u00e7\u00f5es do console requerem um download separado. \u00a9 2024 Electronic Arts Inc. Electronic Arts, EA, EA SPORTS, o logotipo da EA SPORTS, EA SPORTS FC, o logotipo do EA SPORTS FC, Frostbite, o logotipo do Frostbite, Football Ultimate Team e Ultimate Team s\u00e3o marcas comerciais da Electronic Arts Inc.<\/p>\n","protected":false},"excerpt":{"rendered":"<p data-sourcepos=\"3:1-3:43\">A Edi\u00e7\u00e3o Ultimate do EA SPORTS FC&#x2122; 25 inclui jogos para Xbox One e Xbox Series X|S\u2020, al\u00e9m de 4.600 FC Points\u2020. O EA SPORTS FC&#x2122; 25 oferece mais maneiras de ganhar pelo clube.<\/p>\n","protected":false},"featured_media":2867,"comment_status":"open","ping_status":"closed","template":"","meta":{"nf_dc_page":""},"product_brand":[],"product_cat":[23],"product_tag":[],"class_list":{"0":"post-2863","1":"product","2":"type-product","3":"status-publish","4":"has-post-thumbnail","6":"product_cat-esportes","8":"first","9":"instock","10":"featured","11":"shipping-taxable","12":"purchasable","13":"product-type-variable","14":"has-default-attributes"},"_links":{"self":[{"href":"https:\/\/xboxgames.com.br\/loja\/wp-json\/wp\/v2\/product\/2863","targetHints":{"allow":["GET"]}}],"collection":[{"href":"https:\/\/xboxgames.com.br\/loja\/wp-json\/wp\/v2\/product"}],"about":[{"href":"https:\/\/xboxgames.com.br\/loja\/wp-json\/wp\/v2\/types\/product"}],"replies":[{"embeddable":true,"href":"https:\/\/xboxgames.com.br\/loja\/wp-json\/wp\/v2\/comments?post=2863"}],"version-history":[{"count":1,"href":"https:\/\/xboxgames.com.br\/loja\/wp-json\/wp\/v2\/product\/2863\/revisions"}],"predecessor-version":[{"id":2868,"href":"https:\/\/xboxgames.com.br\/loja\/wp-json\/wp\/v2\/product\/2863\/revisions\/2868"}],"wp:featuredmedia":[{"embeddable":true,"href":"https:\/\/xboxgames.com.br\/loja\/wp-json\/wp\/v2\/media\/2867"}],"wp:attachment":[{"href":"https:\/\/xboxgames.com.br\/loja\/wp-json\/wp\/v2\/media?parent=2863"}],"wp:term":[{"taxonomy":"product_brand","embeddable":true,"href":"https:\/\/xboxgames.com.br\/loja\/wp-json\/wp\/v2\/product_brand?post=2863"},{"taxonomy":"product_cat","embeddable":true,"href":"https:\/\/xboxgames.com.br\/loja\/wp-json\/wp\/v2\/product_cat?post=2863"},{"taxonomy":"product_tag","embeddable":true,"href":"https:\/\/xboxgames.com.br\/loja\/wp-json\/wp\/v2\/product_tag?post=2863"}],"curies":[{"name":"wp","href":"https:\/\/api.w.org\/{rel}","templated":true}]}}