{"id":2851,"date":"2025-01-29T16:46:56","date_gmt":"2025-01-29T19:46:56","guid":{"rendered":"https:\/\/xboxgames.com.br\/loja\/?post_type=product&#038;p=2851"},"modified":"2025-01-29T16:53:52","modified_gmt":"2025-01-29T19:53:52","slug":"resident-evil-4","status":"publish","type":"product","link":"https:\/\/xboxgames.com.br\/loja\/produto\/resident-evil-4\/","title":{"rendered":"Resident Evil 4"},"content":{"rendered":"<p><strong>Resident Evil 4<\/strong>\u00a0chega no Xbox completo em 1080p HD com uma taxa de quadros aumentada. Essa obra prima revolucion\u00e1ria representou um marco na s\u00e9rie trazendo a jogabilidade para uma perspectiva de terceira pessoa \u201csobre o ombro\u201d pela primeira vez. Trazendo uma hist\u00f3ria empolgante que se passa ap\u00f3s a destrui\u00e7\u00e3o da\u00a0<strong>Umbrella<\/strong>\u00a0<strong>Corporation<\/strong>,\u00a0<strong>Resident Evil 4<\/strong>\u00a0n\u00e3o s\u00f3 mudou o curso de\u00a0<strong>Resident Evil<\/strong>, mas tamb\u00e9m influenciou incont\u00e1veis outros t\u00edtulos.<\/p>\n","protected":false},"excerpt":{"rendered":"<p data-sourcepos=\"3:1-3:43\"><strong>Resident Evil 4<\/strong>\u00a0chega no Xbox completo em 1080p HD com uma taxa de quadros aumentada. Essa obra prima revolucion\u00e1ria representou um marco na s\u00e9rie trazendo a jogabilidade para uma perspectiva de terceira pessoa \u201csobre o ombro\u201d pela primeira vez. Trazendo uma hist\u00f3ria empolgante que se passa ap\u00f3s a destrui\u00e7\u00e3o da\u00a0<strong>Umbrella<\/strong>\u00a0<strong>Corporation<\/strong>,\u00a0<strong>Resident Evil 4<\/strong>\u00a0n\u00e3o s\u00f3 mudou o curso de\u00a0<strong>Resident Evil<\/strong>, mas tamb\u00e9m influenciou incont\u00e1veis outros t\u00edtulos.<\/p>\n","protected":false},"featured_media":2855,"comment_status":"open","ping_status":"closed","template":"","meta":{"nf_dc_page":""},"product_brand":[],"product_cat":[26],"product_tag":[],"class_list":{"0":"post-2851","1":"product","2":"type-product","3":"status-publish","4":"has-post-thumbnail","6":"product_cat-horror","8":"first","9":"instock","10":"shipping-taxable","11":"purchasable","12":"product-type-variable","13":"has-default-attributes"},"_links":{"self":[{"href":"https:\/\/xboxgames.com.br\/loja\/wp-json\/wp\/v2\/product\/2851","targetHints":{"allow":["GET"]}}],"collection":[{"href":"https:\/\/xboxgames.com.br\/loja\/wp-json\/wp\/v2\/product"}],"about":[{"href":"https:\/\/xboxgames.com.br\/loja\/wp-json\/wp\/v2\/types\/product"}],"replies":[{"embeddable":true,"href":"https:\/\/xboxgames.com.br\/loja\/wp-json\/wp\/v2\/comments?post=2851"}],"version-history":[{"count":1,"href":"https:\/\/xboxgames.com.br\/loja\/wp-json\/wp\/v2\/product\/2851\/revisions"}],"predecessor-version":[{"id":2856,"href":"https:\/\/xboxgames.com.br\/loja\/wp-json\/wp\/v2\/product\/2851\/revisions\/2856"}],"wp:featuredmedia":[{"embeddable":true,"href":"https:\/\/xboxgames.com.br\/loja\/wp-json\/wp\/v2\/media\/2855"}],"wp:attachment":[{"href":"https:\/\/xboxgames.com.br\/loja\/wp-json\/wp\/v2\/media?parent=2851"}],"wp:term":[{"taxonomy":"product_brand","embeddable":true,"href":"https:\/\/xboxgames.com.br\/loja\/wp-json\/wp\/v2\/product_brand?post=2851"},{"taxonomy":"product_cat","embeddable":true,"href":"https:\/\/xboxgames.com.br\/loja\/wp-json\/wp\/v2\/product_cat?post=2851"},{"taxonomy":"product_tag","embeddable":true,"href":"https:\/\/xboxgames.com.br\/loja\/wp-json\/wp\/v2\/product_tag?post=2851"}],"curies":[{"name":"wp","href":"https:\/\/api.w.org\/{rel}","templated":true}]}}