{"id":2845,"date":"2025-01-29T16:33:06","date_gmt":"2025-01-29T19:33:06","guid":{"rendered":"https:\/\/xboxgames.com.br\/loja\/?post_type=product&#038;p=2845"},"modified":"2025-12-19T09:36:04","modified_gmt":"2025-12-19T12:36:04","slug":"call-of-duty-black-ops-iii","status":"publish","type":"product","link":"https:\/\/xboxgames.com.br\/loja\/produto\/call-of-duty-black-ops-iii\/","title":{"rendered":"Call of Duty: Black Ops III"},"content":{"rendered":"<p>Bem-vindos a 2065. Um novo tipo de soldado da Black Ops emerge e a linha que separa a nossa pr\u00f3pria humanidade da rob\u00f3tica militar que define o futuro do combate se torna cada vez mais indefinida.<\/p>\n<ul>\n<li><strong>CAMPANHA:<\/strong><br \/>\nO futuro do combate. O Black Ops III leva os jogadores para um futuro sombrio e des\u00e9rtico, no qual uma nova ra\u00e7a de soldados Black Ops emergiu e os limites entre a humanidade e a tecnologia militar se tornaram imprecisos. Voc\u00ea precisa navegar pelos locais de uma nova Guerra Fria para encontrar seus irm\u00e3os perdidos. Embora muito tenha mudado, uma coisa permanece a mesma: tudo o que voc\u00ea sabe pode estar errado. Voc\u00ea est\u00e1 disposto a se aprofundar na toca do coelho para descobrir a inquietante verdade?<\/li>\n<li><strong>MULTIJOGADOR:<\/strong><br \/>\nCall of Duty\u00ae: Black Ops III Multiplayer redefine a maneira como o Call of Duty \u00e9 jogado, com a experi\u00eancia mais profunda, envolvente e gratificante at\u00e9 hoje, um novo sistema de movimento encadeado e fluido, bem como novas maneiras de subir no ranking, personalizar e se equipar para a batalha. O novo sistema de personagem Especialista permite que os jogadores escolham entre v\u00e1rios soldados Black Ops de elite \u2013 cada qual com seu pr\u00f3prio visual, personalidade e voz \u2013 e fa\u00e7am com que eles subam de ranking e dominem cada uma das suas armas e habilidades especiais adquiridas em combate. Com essa adi\u00e7\u00e3o aos sistemas de progress\u00e3o global e de XP de armas, o multijogador de Black Ops III d\u00e1 aos jogadores tr\u00eas diferentes maneiras para subir no ranking.<\/li>\n<\/ul>\n","protected":false},"excerpt":{"rendered":"<p data-sourcepos=\"3:1-3:43\">Bem-vindos a 2065. Um novo tipo de soldado da Black Ops emerge e a linha que separa a nossa pr\u00f3pria humanidade da rob\u00f3tica militar que define o futuro do combate se torna cada vez mais indefinida.<\/p>\n","protected":false},"featured_media":2849,"comment_status":"open","ping_status":"closed","template":"","meta":{"nf_dc_page":""},"product_brand":[],"product_cat":[22,52],"product_tag":[],"class_list":{"0":"post-2845","1":"product","2":"type-product","3":"status-publish","4":"has-post-thumbnail","6":"product_cat-acao-aventura","7":"product_cat-jogos-de-tiros","9":"first","10":"instock","11":"shipping-taxable","12":"purchasable","13":"product-type-variable","14":"has-default-attributes"},"_links":{"self":[{"href":"https:\/\/xboxgames.com.br\/loja\/wp-json\/wp\/v2\/product\/2845","targetHints":{"allow":["GET"]}}],"collection":[{"href":"https:\/\/xboxgames.com.br\/loja\/wp-json\/wp\/v2\/product"}],"about":[{"href":"https:\/\/xboxgames.com.br\/loja\/wp-json\/wp\/v2\/types\/product"}],"replies":[{"embeddable":true,"href":"https:\/\/xboxgames.com.br\/loja\/wp-json\/wp\/v2\/comments?post=2845"}],"version-history":[{"count":1,"href":"https:\/\/xboxgames.com.br\/loja\/wp-json\/wp\/v2\/product\/2845\/revisions"}],"predecessor-version":[{"id":2850,"href":"https:\/\/xboxgames.com.br\/loja\/wp-json\/wp\/v2\/product\/2845\/revisions\/2850"}],"wp:featuredmedia":[{"embeddable":true,"href":"https:\/\/xboxgames.com.br\/loja\/wp-json\/wp\/v2\/media\/2849"}],"wp:attachment":[{"href":"https:\/\/xboxgames.com.br\/loja\/wp-json\/wp\/v2\/media?parent=2845"}],"wp:term":[{"taxonomy":"product_brand","embeddable":true,"href":"https:\/\/xboxgames.com.br\/loja\/wp-json\/wp\/v2\/product_brand?post=2845"},{"taxonomy":"product_cat","embeddable":true,"href":"https:\/\/xboxgames.com.br\/loja\/wp-json\/wp\/v2\/product_cat?post=2845"},{"taxonomy":"product_tag","embeddable":true,"href":"https:\/\/xboxgames.com.br\/loja\/wp-json\/wp\/v2\/product_tag?post=2845"}],"curies":[{"name":"wp","href":"https:\/\/api.w.org\/{rel}","templated":true}]}}