{"id":2839,"date":"2025-01-29T16:15:42","date_gmt":"2025-01-29T19:15:42","guid":{"rendered":"https:\/\/xboxgames.com.br\/loja\/?post_type=product&#038;p=2839"},"modified":"2025-01-29T16:24:25","modified_gmt":"2025-01-29T19:24:25","slug":"ea-sports-fc-25","status":"publish","type":"product","link":"https:\/\/xboxgames.com.br\/loja\/produto\/ea-sports-fc-25\/","title":{"rendered":"EA Sports FC 25"},"content":{"rendered":"<p data-sourcepos=\"3:1-3:43\"><strong>Viva a emo\u00e7\u00e3o do futebol como nunca antes com o EA SPORTS FC 25 no Xbox!<\/strong>\u00a0Prepare-se para a a\u00e7\u00e3o mais realista e envolvente de todos os tempos, com recursos inovadores que elevam o jogo a um novo patamar.<\/p>\n<p data-sourcepos=\"5:1-5:61\"><strong>Experimente a jogabilidade de \u00faltima gera\u00e7\u00e3o com o FC IQ:<\/strong><\/p>\n<ul data-sourcepos=\"7:1-7:25\">\n<li data-sourcepos=\"7:1-7:25\"><strong>Movimenta\u00e7\u00e3o Coletiva Realista:<\/strong>\u00a0Observe como seus jogadores se movem e reagem em conjunto como um time real, criando momentos m\u00e1gicos em campo.<\/li>\n<li data-sourcepos=\"8:1-8:5\"><strong>T\u00e1ticas Aprimoradas:<\/strong>\u00a0Controle estrat\u00e9gico completo com novas ferramentas t\u00e1ticas que permitem dominar seus oponentes e definir seu estilo de jogo.<\/li>\n<li data-sourcepos=\"9:1-10:0\"><strong>IA Adapt\u00e1vel:<\/strong>\u00a0Enfrente advers\u00e1rios controlados por IA que se adaptam \u00e0s suas t\u00e1ticas e estilo de jogo, proporcionando um desafio empolgante e imprevis\u00edvel.<\/li>\n<\/ul>\n","protected":false},"excerpt":{"rendered":"<p data-sourcepos=\"3:1-3:43\"><strong>Viva a emo\u00e7\u00e3o do futebol como nunca antes com o EA SPORTS FC 25 no Xbox!<\/strong>\u00a0Prepare-se para a a\u00e7\u00e3o mais realista e envolvente de todos os tempos, com recursos inovadores que elevam o jogo a um novo patamar.<\/p>\n<p data-sourcepos=\"5:1-5:61\"><strong>Experimente a jogabilidade de \u00faltima gera\u00e7\u00e3o com o FC IQ:<\/strong><\/p>\n<ul data-sourcepos=\"7:1-7:25\">\n<li data-sourcepos=\"7:1-7:25\"><strong>Movimenta\u00e7\u00e3o Coletiva Realista:<\/strong>\u00a0Observe como seus jogadores se movem e reagem em conjunto como um time real, criando momentos m\u00e1gicos em campo.<\/li>\n<li data-sourcepos=\"8:1-8:5\"><strong>T\u00e1ticas Aprimoradas:<\/strong>\u00a0Controle estrat\u00e9gico completo com novas ferramentas t\u00e1ticas que permitem dominar seus oponentes e definir seu estilo de jogo.<\/li>\n<li data-sourcepos=\"9:1-10:0\"><strong>IA Adapt\u00e1vel:<\/strong>\u00a0Enfrente advers\u00e1rios controlados por IA que se adaptam \u00e0s suas t\u00e1ticas e estilo de jogo, proporcionando um desafio empolgante e imprevis\u00edvel.<\/li>\n<\/ul>\n<p>&nbsp;<\/p>\n","protected":false},"featured_media":2843,"comment_status":"open","ping_status":"closed","template":"","meta":{"nf_dc_page":""},"product_brand":[],"product_cat":[23],"product_tag":[],"class_list":{"0":"post-2839","1":"product","2":"type-product","3":"status-publish","4":"has-post-thumbnail","6":"product_cat-esportes","8":"first","9":"instock","10":"shipping-taxable","11":"purchasable","12":"product-type-variable","13":"has-default-attributes"},"_links":{"self":[{"href":"https:\/\/xboxgames.com.br\/loja\/wp-json\/wp\/v2\/product\/2839","targetHints":{"allow":["GET"]}}],"collection":[{"href":"https:\/\/xboxgames.com.br\/loja\/wp-json\/wp\/v2\/product"}],"about":[{"href":"https:\/\/xboxgames.com.br\/loja\/wp-json\/wp\/v2\/types\/product"}],"replies":[{"embeddable":true,"href":"https:\/\/xboxgames.com.br\/loja\/wp-json\/wp\/v2\/comments?post=2839"}],"version-history":[{"count":1,"href":"https:\/\/xboxgames.com.br\/loja\/wp-json\/wp\/v2\/product\/2839\/revisions"}],"predecessor-version":[{"id":2844,"href":"https:\/\/xboxgames.com.br\/loja\/wp-json\/wp\/v2\/product\/2839\/revisions\/2844"}],"wp:featuredmedia":[{"embeddable":true,"href":"https:\/\/xboxgames.com.br\/loja\/wp-json\/wp\/v2\/media\/2843"}],"wp:attachment":[{"href":"https:\/\/xboxgames.com.br\/loja\/wp-json\/wp\/v2\/media?parent=2839"}],"wp:term":[{"taxonomy":"product_brand","embeddable":true,"href":"https:\/\/xboxgames.com.br\/loja\/wp-json\/wp\/v2\/product_brand?post=2839"},{"taxonomy":"product_cat","embeddable":true,"href":"https:\/\/xboxgames.com.br\/loja\/wp-json\/wp\/v2\/product_cat?post=2839"},{"taxonomy":"product_tag","embeddable":true,"href":"https:\/\/xboxgames.com.br\/loja\/wp-json\/wp\/v2\/product_tag?post=2839"}],"curies":[{"name":"wp","href":"https:\/\/api.w.org\/{rel}","templated":true}]}}