{"id":2833,"date":"2025-01-29T15:52:02","date_gmt":"2025-01-29T18:52:02","guid":{"rendered":"https:\/\/xboxgames.com.br\/loja\/?post_type=product&#038;p=2833"},"modified":"2025-01-29T16:11:16","modified_gmt":"2025-01-29T19:11:16","slug":"gta-5-grand-theft-auto-v-edicao-premium","status":"publish","type":"product","link":"https:\/\/xboxgames.com.br\/loja\/produto\/gta-5-grand-theft-auto-v-edicao-premium\/","title":{"rendered":"GTA 5 Grand Theft Auto V: Edi\u00e7\u00e3o Premium"},"content":{"rendered":"<p><strong>GRAND THEFT AUTO V: EDI\u00c7\u00c3O PREMIUM<\/strong><\/p>\n<p>O\u00a0<strong>Grand Theft Auto V: Edi\u00e7\u00e3o Premium<\/strong>\u00a0inclui o\u00a0<strong>Modo Hist\u00f3ria<\/strong>\u00a0completo do\u00a0<strong>Grand Theft Auto V<\/strong>, acesso gratuito ao mundo em constante evolu\u00e7\u00e3o do\u00a0<strong>Grand<\/strong>\u00a0<strong>Theft<\/strong>\u00a0<strong>Auto<\/strong>\u00a0Online e todo o conte\u00fado e melhorias de jogo j\u00e1 lan\u00e7ados, incluindo\u00a0<strong>O Golpe do Ju\u00edzo Final<\/strong>,\u00a0<strong>Tr\u00e1fico de Armas<\/strong>,\u00a0<strong>Acima da Lei<\/strong>,\u00a0<strong>Motoqueiros<\/strong>\u00a0e muito mais. Voc\u00ea recebe o\u00a0<strong>Kit<\/strong>\u00a0<strong>Inicial<\/strong>\u00a0de\u00a0<strong>Esquema<\/strong>\u00a0<strong>Criminal<\/strong>, a maneira mais r\u00e1pida de come\u00e7ar seu imp\u00e9rio do crime no\u00a0<strong>Grand<\/strong>\u00a0<strong>Theft<\/strong>\u00a0<strong>Auto<\/strong>\u00a0Onl<strong>i<\/strong>ne.<\/p>\n<p><strong>GRAND THEFT AUTO V<\/strong><br \/>\nQuando um malandro de rua, um ladr\u00e3o de bancos aposentado e um psicopata aterrorizante se veem encrencados, eles precisam realizar uma s\u00e9rie de golpes ousados para sobreviver em uma cidade onde n\u00e3o podem confiar em ningu\u00e9m, nem mesmo um no outro.<\/p>\n<p><strong>GRAND THEFT AUTO ONLINE<\/strong><br \/>\nDescubra um mundo de escolhas e maneiras de jogar \u00e0 medida em que voc\u00ea sobe na hierarquia do crime de Los Santos e\u00a0<strong>Blaine<\/strong>\u00a0<strong>County<\/strong>\u00a0na experi\u00eancia online definitiva.<\/p>\n<p><strong>KIT INICIAL DE ESQUEMA CRIMINAL<\/strong><br \/>\nO Kit Inicial de Esquema Criminal \u00e9 a maneira mais r\u00e1pida dos jogadores do GTA Online darem o pontap\u00e9 inicial no seu pr\u00f3prio imp\u00e9rio do crime com o conte\u00fado mais popular e divertido dispon\u00edvel e com b\u00f4nus de GTA$1.000.000 para gastar no GTA Online (o conte\u00fado inteiro vale mais de GTA$ 10.000.000 se comprado separadamente).<\/p>\n<p><strong>INICIE O SEU IMP\u00c9RIO DO CRIME<\/strong><br \/>\nInicie neg\u00f3cios por meio do seu\u00a0<strong>Escrit\u00f3rio<\/strong>\u00a0<strong>Executivo<\/strong>\u00a0<strong>do Maze<\/strong>\u00a0<strong>Bank<\/strong>\u00a0<strong>West<\/strong>, pesquise tecnologias de armas poderosas no seu\u00a0<strong>Bunker de Tr\u00e1fico de Armas subterr\u00e2neo<\/strong>\u00a0e use a sua f\u00e1brica de dinheiro falso para iniciar opera\u00e7\u00f5es de falsifica\u00e7\u00e3o bem lucrativas.<\/p>\n<p><strong>UMA FROTA DE VE\u00cdCULOS PODEROSOS<\/strong><br \/>\nSaia rasgando pelas ruas com uma s\u00e9rie de 10 ve\u00edculos de alto desempenho, incluindo um supercarro, motocicletas, o Dune de Combate armado, um helic\u00f3ptero, um carro de rally e mais. Voc\u00ea tamb\u00e9m ir\u00e1 adquirir propriedades, incluindo uma garagem para 10 carros para guardar a sua crescente frota.<\/p>\n<p><strong>ARMAS, ROUPAS E TATUAGENS<\/strong><br \/>\nVoc\u00ea tamb\u00e9m ter\u00e1 acesso ao\u00a0<strong>Lan\u00e7a-granada Compacto<\/strong>,\u00a0<strong>Rifle<\/strong>\u00a0<strong>de Elite e o Fuzil Compacto<\/strong>, al\u00e9m de trajes de\u00a0<strong>Corridas Acrob\u00e1ticas<\/strong>,<strong>\u00a0tatuagens de motoqueiro<\/strong>\u00a0e mais.<\/p>\n","protected":false},"excerpt":{"rendered":"<p><strong>GRAND THEFT AUTO V: EDI\u00c7\u00c3O PREMIUM<\/strong><\/p>\n<p>O\u00a0<strong>Grand Theft Auto V: Edi\u00e7\u00e3o Premium<\/strong>\u00a0inclui o\u00a0<strong>Modo Hist\u00f3ria<\/strong>\u00a0completo do\u00a0<strong>Grand Theft Auto V<\/strong>, acesso gratuito ao mundo em constante evolu\u00e7\u00e3o do\u00a0<strong>Grand<\/strong>\u00a0<strong>Theft<\/strong>\u00a0<strong>Auto<\/strong>\u00a0Online e todo o conte\u00fado e melhorias de jogo j\u00e1 lan\u00e7ados, incluindo\u00a0<strong>O Golpe do Ju\u00edzo Final<\/strong>,\u00a0<strong>Tr\u00e1fico de Armas<\/strong>,\u00a0<strong>Acima da Lei<\/strong>,\u00a0<strong>Motoqueiros<\/strong>\u00a0e muito mais. Voc\u00ea recebe o\u00a0<strong>Kit<\/strong>\u00a0<strong>Inicial<\/strong>\u00a0de\u00a0<strong>Esquema<\/strong>\u00a0<strong>Criminal<\/strong>, a maneira mais r\u00e1pida de come\u00e7ar seu imp\u00e9rio do crime no\u00a0<strong>Grand<\/strong>\u00a0<strong>Theft<\/strong>\u00a0<strong>Auto<\/strong>\u00a0Onl<strong>i<\/strong>ne.<\/p>\n","protected":false},"featured_media":2837,"comment_status":"open","ping_status":"closed","template":"","meta":{"nf_dc_page":""},"product_brand":[],"product_cat":[22],"product_tag":[],"class_list":{"0":"post-2833","1":"product","2":"type-product","3":"status-publish","4":"has-post-thumbnail","6":"product_cat-acao-aventura","8":"first","9":"instock","10":"shipping-taxable","11":"purchasable","12":"product-type-variable","13":"has-default-attributes"},"_links":{"self":[{"href":"https:\/\/xboxgames.com.br\/loja\/wp-json\/wp\/v2\/product\/2833","targetHints":{"allow":["GET"]}}],"collection":[{"href":"https:\/\/xboxgames.com.br\/loja\/wp-json\/wp\/v2\/product"}],"about":[{"href":"https:\/\/xboxgames.com.br\/loja\/wp-json\/wp\/v2\/types\/product"}],"replies":[{"embeddable":true,"href":"https:\/\/xboxgames.com.br\/loja\/wp-json\/wp\/v2\/comments?post=2833"}],"version-history":[{"count":1,"href":"https:\/\/xboxgames.com.br\/loja\/wp-json\/wp\/v2\/product\/2833\/revisions"}],"predecessor-version":[{"id":2838,"href":"https:\/\/xboxgames.com.br\/loja\/wp-json\/wp\/v2\/product\/2833\/revisions\/2838"}],"wp:featuredmedia":[{"embeddable":true,"href":"https:\/\/xboxgames.com.br\/loja\/wp-json\/wp\/v2\/media\/2837"}],"wp:attachment":[{"href":"https:\/\/xboxgames.com.br\/loja\/wp-json\/wp\/v2\/media?parent=2833"}],"wp:term":[{"taxonomy":"product_brand","embeddable":true,"href":"https:\/\/xboxgames.com.br\/loja\/wp-json\/wp\/v2\/product_brand?post=2833"},{"taxonomy":"product_cat","embeddable":true,"href":"https:\/\/xboxgames.com.br\/loja\/wp-json\/wp\/v2\/product_cat?post=2833"},{"taxonomy":"product_tag","embeddable":true,"href":"https:\/\/xboxgames.com.br\/loja\/wp-json\/wp\/v2\/product_tag?post=2833"}],"curies":[{"name":"wp","href":"https:\/\/api.w.org\/{rel}","templated":true}]}}