{"id":2796,"date":"2025-01-29T14:14:18","date_gmt":"2025-01-29T17:14:18","guid":{"rendered":"https:\/\/xboxgames.com.br\/loja\/?post_type=product&#038;p=2796"},"modified":"2025-01-29T18:25:31","modified_gmt":"2025-01-29T21:25:31","slug":"ea-sports-fc-24-standard-edition","status":"publish","type":"product","link":"https:\/\/xboxgames.com.br\/loja\/produto\/ea-sports-fc-24-standard-edition\/","title":{"rendered":"EA SPORTS FC 24 Standard Edition"},"content":{"rendered":"<p id=\":r0:\" class=\"Description-module__description___ylcn4 typography-module__xdsBody2___RNdGY ExpandableText-module__container___Uc17O\">O EA SPORTS FC&#x2122; 24 \u00e9 uma nova era para o Jogo de Todo Mundo: mais de 19.000 atletas com licen\u00e7a completa, mais de 700 times e mais de 30 ligas, tudo isso na experi\u00eancia de futebol mais aut\u00eantica j\u00e1 criada. Sinta o jogo de perto com tr\u00eas tecnologias de ponta que proporcionam um realismo inigual\u00e1vel em todas as partidas: HyperMotionV, PlayStyles otimizada pela Opta, e uma Frostbite&#x2122; Engine melhorada. A tecnologia HyperMotionV captura o jogo como ele realmente \u00e9 jogado, usando dados volum\u00e9tricos de mais de 180 partidas masculinas e femininas para garantir uma movimenta\u00e7\u00e3o no jogo que reflete com precis\u00e3o a a\u00e7\u00e3o em campo no mundo real. A tecnologia PlayStyles analisa atletas, interpretando dados da Opta e de outras fontes e as transformando em habilidades distintivas que exaltam o realismo e a individualidade de cada atleta. A Frostbite&#x2122; Engine melhorada oferece o Jogo de Todo Mundo com riqueza de detalhes, proporcionando um novo n\u00edvel de imers\u00e3o a cada partida. Desenvolva lendas do clube e melhore atletas da sua equipe com as novas Evolu\u00e7\u00f5es do Ultimate Team&#x2122;, e d\u00ea as boas-vindas \u00e0s jogadoras do futebol feminino, que estar\u00e3o junto com os homens enquanto voc\u00ea cria seu time dos sonhos. Escreva sua pr\u00f3pria hist\u00f3ria na Carreira de Jogador e de Manager, e junte suas amizades em campo nos modos com crossplay*, Clubs e VOLTA FOOTBALL&#x2122;. O EA SPORTS FC&#x2122; 24 \u00e9 o novo cap\u00edtulo de um futuro do futebol com mais inova\u00e7\u00e3o. Este t\u00edtulo inclui compras opcionais dentro do jogo de moeda virtual que pode ser usada para adquirir itens virtuais do jogo, incluindo uma sele\u00e7\u00e3o aleat\u00f3ria de itens virtuais do jogo. FC Points indispon\u00edveis na B\u00e9lgica. Existem condi\u00e7\u00f5es e restri\u00e7\u00f5es. Saiba mais em https:\/\/www.ea.com\/pt-br\/games\/ea-sports-fc\/fc-24\/game-offer-and-disclaimers. *Crossplay ativado em alguns modos em plataformas da mesma gera\u00e7\u00e3o. Crossplay indispon\u00edvel na vers\u00e3o para Nintendo Switch&#x2122;. Consulte ea.com\/pt-br\/games\/ea-sports-fc\/fc-24\/news\/fc24crossplayupdate para ver mais detalhes. \u00a9 2023 Electronic Arts Inc. Electronic Arts, EA, EA SPORTS, o logotipo da EA SPORTS, EA SPORTS FC, o logotipo do EA SPORTS FC, Frostbite, o logotipo do Frostbite, Ultimate Team e VOLTA FOOTBALL s\u00e3o marcas comerciais da Electronic Arts Inc.<\/p>\n","protected":false},"excerpt":{"rendered":"<p>O EA SPORTS FC&#x2122; 24 \u00e9 uma nova era para o Jogo de Todo Mundo: mais de 19.000 atletas com licen\u00e7a completa, mais de 700 times e mais de 30 ligas, tudo isso na experi\u00eancia de futebol mais aut\u00eantica j\u00e1 criada. Sinta o jogo de perto com tr\u00eas tecnologias de ponta que proporcionam um realismo inigual\u00e1vel em todas as partidas: HyperMotionV, PlayStyles otimizada pela Opta, e uma Frostbite&#x2122; Engine melhorada. A tecnologia HyperMotionV captura o jogo como ele realmente \u00e9 jogado, usando dados volum\u00e9tricos de mais de 180 partidas masculinas e femininas para garantir uma movimenta\u00e7\u00e3o no jogo que reflete com precis\u00e3o a a\u00e7\u00e3o em campo no mundo real.<\/p>\n","protected":false},"featured_media":2800,"comment_status":"open","ping_status":"closed","template":"","meta":{"nf_dc_page":""},"product_brand":[],"product_cat":[23],"product_tag":[],"class_list":{"0":"post-2796","1":"product","2":"type-product","3":"status-publish","4":"has-post-thumbnail","6":"product_cat-esportes","8":"first","9":"instock","10":"featured","11":"shipping-taxable","12":"purchasable","13":"product-type-variable","14":"has-default-attributes"},"_links":{"self":[{"href":"https:\/\/xboxgames.com.br\/loja\/wp-json\/wp\/v2\/product\/2796","targetHints":{"allow":["GET"]}}],"collection":[{"href":"https:\/\/xboxgames.com.br\/loja\/wp-json\/wp\/v2\/product"}],"about":[{"href":"https:\/\/xboxgames.com.br\/loja\/wp-json\/wp\/v2\/types\/product"}],"replies":[{"embeddable":true,"href":"https:\/\/xboxgames.com.br\/loja\/wp-json\/wp\/v2\/comments?post=2796"}],"version-history":[{"count":3,"href":"https:\/\/xboxgames.com.br\/loja\/wp-json\/wp\/v2\/product\/2796\/revisions"}],"predecessor-version":[{"id":2803,"href":"https:\/\/xboxgames.com.br\/loja\/wp-json\/wp\/v2\/product\/2796\/revisions\/2803"}],"wp:featuredmedia":[{"embeddable":true,"href":"https:\/\/xboxgames.com.br\/loja\/wp-json\/wp\/v2\/media\/2800"}],"wp:attachment":[{"href":"https:\/\/xboxgames.com.br\/loja\/wp-json\/wp\/v2\/media?parent=2796"}],"wp:term":[{"taxonomy":"product_brand","embeddable":true,"href":"https:\/\/xboxgames.com.br\/loja\/wp-json\/wp\/v2\/product_brand?post=2796"},{"taxonomy":"product_cat","embeddable":true,"href":"https:\/\/xboxgames.com.br\/loja\/wp-json\/wp\/v2\/product_cat?post=2796"},{"taxonomy":"product_tag","embeddable":true,"href":"https:\/\/xboxgames.com.br\/loja\/wp-json\/wp\/v2\/product_tag?post=2796"}],"curies":[{"name":"wp","href":"https:\/\/api.w.org\/{rel}","templated":true}]}}